{"id":101,"date":"2017-04-23T12:39:15","date_gmt":"2017-04-23T09:39:15","guid":{"rendered":"https:\/\/xml-io.proteusthemes.com\/cargopress\/?page_id=101"},"modified":"2019-01-12T15:01:32","modified_gmt":"2019-01-12T12:01:32","slug":"kol-fitilli","status":"publish","type":"page","link":"https:\/\/incivatka.com.tr\/en\/uretim\/kol-fitilli\/","title":{"rendered":"Kol Fitilli"},"content":{"rendered":"<div id=\"pl-101\"  class=\"panel-layout\" ><div id=\"pg-101-0\"  class=\"panel-grid panel-no-style\" ><div id=\"pgc-101-0-0\"  class=\"panel-grid-cell\" ><div id=\"panel-101-0-0-0\" class=\"so-panel widget widget_black-studio-tinymce widget_black_studio_tinymce panel-first-child panel-last-child widgetopts-SO\" data-index=\"0\" ><div class=\"textwidget\"><h1 class=\"main-title__primary\">KOL F\u0130T\u0130L\u0130<\/h1>\n<p>\u0130nci Vatka b\u00fcy\u00fcme, k\u00e2rl\u0131l\u0131k ve hizmet\u00a0kalitesi\u00a0anlam\u0131nda d\u00fcnya standartlar\u0131nda\u00a0\u00fcretim\u00a0yap\u0131yor. Y\u00fcksek kaliteli kol fitili imalat\u0131 ile sekt\u00f6rde lider kalite standard\u0131na sahip bir firma olarak uzun y\u0131llar sekt\u00f6rde hizmet vermeye devam ediyoruz.<\/p>\n<\/div><\/div><\/div><div id=\"pgc-101-0-1\"  class=\"panel-grid-cell\" ><div id=\"panel-101-0-1-0\" class=\"so-panel widget widget_black-studio-tinymce widget_black_studio_tinymce panel-first-child panel-last-child widgetopts-SO\" data-index=\"1\" ><div class=\"textwidget\"><img loading=\"lazy\" decoding=\"async\" class=\"alignnone size-medium wp-image-4744\" src=\"https:\/\/incivatka.com.tr\/wp-content\/uploads\/2019\/01\/55-300x225.jpg\" alt=\"\" width=\"300\" height=\"225\" srcset=\"https:\/\/incivatka.com.tr\/wp-content\/uploads\/2019\/01\/55-300x225.jpg 300w, https:\/\/incivatka.com.tr\/wp-content\/uploads\/2019\/01\/55-768x576.jpg 768w, https:\/\/incivatka.com.tr\/wp-content\/uploads\/2019\/01\/55-1024x768.jpg 1024w, https:\/\/incivatka.com.tr\/wp-content\/uploads\/2019\/01\/55-800x600.jpg 800w, https:\/\/incivatka.com.tr\/wp-content\/uploads\/2019\/01\/55.jpg 1067w\" sizes=\"auto, (max-width: 300px) 100vw, 300px\" \/>\n\n<img loading=\"lazy\" decoding=\"async\" class=\"alignnone size-medium wp-image-4746\" src=\"https:\/\/incivatka.com.tr\/wp-content\/uploads\/2019\/01\/kolfitil-300x300.jpg\" alt=\"\" width=\"300\" height=\"300\" srcset=\"https:\/\/incivatka.com.tr\/wp-content\/uploads\/2019\/01\/kolfitil-300x300.jpg 300w, https:\/\/incivatka.com.tr\/wp-content\/uploads\/2019\/01\/kolfitil-150x150.jpg 150w, https:\/\/incivatka.com.tr\/wp-content\/uploads\/2019\/01\/kolfitil-768x768.jpg 768w, https:\/\/incivatka.com.tr\/wp-content\/uploads\/2019\/01\/kolfitil.jpg 800w, https:\/\/incivatka.com.tr\/wp-content\/uploads\/2019\/01\/kolfitil-100x100.jpg 100w\" sizes=\"auto, (max-width: 300px) 100vw, 300px\" \/>\n\n&nbsp;<\/div><\/div><\/div><\/div><\/div>","protected":false},"excerpt":{"rendered":"<p> &hellip;<\/p>\n","protected":false},"author":1,"featured_media":4214,"parent":76,"menu_order":0,"comment_status":"closed","ping_status":"open","template":"","meta":{"ngg_post_thumbnail":0,"footnotes":""},"class_list":["post-101","page","type-page","status-publish","has-post-thumbnail","hentry"],"_links":{"self":[{"href":"https:\/\/incivatka.com.tr\/en\/wp-json\/wp\/v2\/pages\/101","targetHints":{"allow":["GET"]}}],"collection":[{"href":"https:\/\/incivatka.com.tr\/en\/wp-json\/wp\/v2\/pages"}],"about":[{"href":"https:\/\/incivatka.com.tr\/en\/wp-json\/wp\/v2\/types\/page"}],"author":[{"embeddable":true,"href":"https:\/\/incivatka.com.tr\/en\/wp-json\/wp\/v2\/users\/1"}],"replies":[{"embeddable":true,"href":"https:\/\/incivatka.com.tr\/en\/wp-json\/wp\/v2\/comments?post=101"}],"version-history":[{"count":58,"href":"https:\/\/incivatka.com.tr\/en\/wp-json\/wp\/v2\/pages\/101\/revisions"}],"predecessor-version":[{"id":4747,"href":"https:\/\/incivatka.com.tr\/en\/wp-json\/wp\/v2\/pages\/101\/revisions\/4747"}],"up":[{"embeddable":true,"href":"https:\/\/incivatka.com.tr\/en\/wp-json\/wp\/v2\/pages\/76"}],"wp:featuredmedia":[{"embeddable":true,"href":"https:\/\/incivatka.com.tr\/en\/wp-json\/wp\/v2\/media\/4214"}],"wp:attachment":[{"href":"https:\/\/incivatka.com.tr\/en\/wp-json\/wp\/v2\/media?parent=101"}],"curies":[{"name":"wp","href":"https:\/\/api.w.org\/{rel}","templated":true}]}}