{"id":120,"date":"2015-05-04T07:30:41","date_gmt":"2015-05-04T07:30:41","guid":{"rendered":"https:\/\/xml-io.proteusthemes.com\/cargopress\/?page_id=120"},"modified":"2024-10-22T16:14:32","modified_gmt":"2024-10-22T13:14:32","slug":"iletisim","status":"publish","type":"page","link":"https:\/\/incivatka.com.tr\/en\/iletisim\/","title":{"rendered":"\u0130leti\u015fim"},"content":{"rendered":"<div id=\"pl-120\"  class=\"panel-layout\" ><div id=\"pg-120-0\"  class=\"panel-grid panel-has-style\" ><div class=\"siteorigin-panels-stretch panel-row-style panel-row-style-for-120-0\" data-stretch-type=\"full\" ><div id=\"pgc-120-0-0\"  class=\"panel-grid-cell\" ><div id=\"panel-120-0-0-0\" class=\"so-panel widget widget_sow-editor panel-first-child panel-last-child widgetopts-SO\" data-index=\"0\" ><div class=\"so-widget-sow-editor so-widget-sow-editor-base\">\n<div class=\"siteorigin-widget-tinymce textwidget\">\n\t<h2 class=\"ogz_h1\" style=\"text-align: center;\"><span style=\"color: #ff0000;\">\u0130NC\u0130 VATKA<\/span> \u0130leti\u015fim Bilgileri<\/h2>\n<p class=\"ogz_h1\" style=\"text-align: center;\"><strong>Adres:<\/strong>&nbsp;Mahmutbey Mah. Mostar K\u00f6pr\u00fcs\u00fc Cad. No:28<\/p>\n<p class=\"ogz_h1\" style=\"text-align: center;\">&nbsp;Ba\u011fc\u0131lar \/ \u0130STANBUL<\/p>\n<p style=\"text-align: center;\"><strong>Telefon:<\/strong>&nbsp;+90 (212) 503 68 96&nbsp; +90 (212) 654 89 85 <strong>Mobil:<\/strong>&nbsp;+90 (532) 661 14 99&nbsp;<\/p>\n<p class=\"ogz_h1\" style=\"text-align: center;\"><strong>E-Posta:<\/strong> <a href=\"mailto:info@incivatka.com.tr\">info@incivatka.com.tr<\/a><\/p>\n<\/div>\n<\/div><\/div><\/div><\/div><\/div><div id=\"pg-120-1\"  class=\"panel-grid panel-no-style\" ><div id=\"pgc-120-1-0\"  class=\"panel-grid-cell panel-grid-cell-empty\" ><\/div><\/div><\/div>","protected":false},"excerpt":{"rendered":"<p>\u0130NC\u0130 VATKA \u0130leti\u015fim Bilgileri Adres:&nbsp;Mahmutbey Mah. Mostar K\u00f6pr\u00fcs\u00fc Cad. No:28 &nbsp;Ba\u011fc\u0131lar \/ \u0130STANBUL Telefon:&nbsp;+90 (212) 503 68 96&nbsp; +90 (212) 654 89 85 Mobil:&nbsp;+90 (532) 661 14 99&nbsp; E-Posta: info@incivatka.com.tr<\/p>\n","protected":false},"author":1,"featured_media":0,"parent":0,"menu_order":0,"comment_status":"closed","ping_status":"open","template":"","meta":{"ngg_post_thumbnail":0,"footnotes":""},"class_list":["post-120","page","type-page","status-publish","hentry"],"_links":{"self":[{"href":"https:\/\/incivatka.com.tr\/en\/wp-json\/wp\/v2\/pages\/120","targetHints":{"allow":["GET"]}}],"collection":[{"href":"https:\/\/incivatka.com.tr\/en\/wp-json\/wp\/v2\/pages"}],"about":[{"href":"https:\/\/incivatka.com.tr\/en\/wp-json\/wp\/v2\/types\/page"}],"author":[{"embeddable":true,"href":"https:\/\/incivatka.com.tr\/en\/wp-json\/wp\/v2\/users\/1"}],"replies":[{"embeddable":true,"href":"https:\/\/incivatka.com.tr\/en\/wp-json\/wp\/v2\/comments?post=120"}],"version-history":[{"count":198,"href":"https:\/\/incivatka.com.tr\/en\/wp-json\/wp\/v2\/pages\/120\/revisions"}],"predecessor-version":[{"id":5176,"href":"https:\/\/incivatka.com.tr\/en\/wp-json\/wp\/v2\/pages\/120\/revisions\/5176"}],"wp:attachment":[{"href":"https:\/\/incivatka.com.tr\/en\/wp-json\/wp\/v2\/media?parent=120"}],"curies":[{"name":"wp","href":"https:\/\/api.w.org\/{rel}","templated":true}]}}