{"id":232,"date":"2015-05-07T13:27:36","date_gmt":"2015-05-07T13:27:36","guid":{"rendered":"https:\/\/xml-io.proteusthemes.com\/cargopress\/?page_id=232"},"modified":"2019-01-09T16:08:36","modified_gmt":"2019-01-09T13:08:36","slug":"hakkimizda","status":"publish","type":"page","link":"https:\/\/incivatka.com.tr\/en\/hakkimizda\/","title":{"rendered":"Hakk\u0131m\u0131zda"},"content":{"rendered":"<div id=\"pl-232\"  class=\"panel-layout\" ><div id=\"pg-232-0\"  class=\"panel-grid panel-no-style\" ><div id=\"pgc-232-0-0\"  class=\"panel-grid-cell\" ><div id=\"panel-232-0-0-0\" class=\"so-panel widget widget_black-studio-tinymce widget_black_studio_tinymce panel-first-child panel-last-child widgetopts-SO\" data-index=\"0\" ><div class=\"panel-widget-style panel-widget-style-for-232-0-0-0\" ><div class=\"textwidget\"><div id=\"pg-7-2\" class=\"panel-grid panel-no-style\">\n<div id=\"pgc-7-2-0\" class=\"panel-grid-cell\">\n<div id=\"panel-7-2-0-0\" class=\"so-panel widget widget_black-studio-tinymce widget_black_studio_tinymce panel-first-child panel-last-child widgetopts-SO\" data-index=\"5\">\n<div class=\"widget-title--big panel-widget-style panel-widget-style-for-7-2-0-0\">\n<div class=\"textwidget\">1986 y\u0131l\u0131nda kurulmu\u015f olan firmam\u0131z, kuruldu\u011fu tarihten itibaren teknoloji yat\u0131r\u0131mlar\u0131 \u00fczerinde hassasiyetle durmakta olup bu d\u00fc\u015f\u00fcnceyle alman teknolojisini getirmi\u015ftir. Yurt d\u0131\u015f\u0131nda ithal edilen vatka \u00e7e\u015fitleri \u0130NC\u0130 VATKA tesisinde \u00fcretilmektedir. B\u00f6ylece vatka, kalitesini artt\u0131rm\u0131\u015f seri \u00fcretim kazanm\u0131\u015ft\u0131r.<\/p>\n<hr \/>\n<\/div>\n<\/div>\n<\/div>\n<\/div>\n<\/div>\n<div id=\"pg-7-3\" class=\"panel-grid panel-no-style\">\n<div id=\"pgc-7-3-0\" class=\"panel-grid-cell panel-grid-cell-mobile-last\">\n<div id=\"panel-7-3-0-0\" class=\"so-panel widget widget_black-studio-tinymce widget_black_studio_tinymce panel-first-child panel-last-child widgetopts-SO\" data-index=\"6\">\n<div class=\"widget-title--big panel-widget-style panel-widget-style-for-7-3-0-0\">\n<div class=\"textwidget\">M\u00fc\u015fterilerimize lojistik destek ama\u00e7l\u0131 olarak,\u00fcretimde kullanm\u0131\u015f oldu\u011fumuz,elyaf, nonwoven, s\u00fcnger, \u00f6rme kuma\u015f, pamuk, k\u0131l tela gibi \u00fcr\u00fcnlerin yan\u0131 s\u0131ra di\u011fer konfeksiyon yan \u00fcr\u00fcnlerinde (nak\u0131\u015f telas\u0131, ka\u011f\u0131t tela, bez tela, top fuse yaka astar\u0131, ra\u015fel \u00f6rg\u00fc tela, strech tela, k\u0131l tela, ceplik, astar) sat\u0131\u015f\u0131n\u0131 yapmaktay\u0131z.Sat\u0131\u015f\u0131n\u0131 yapm\u0131\u015f oldu\u011fumuz bu \u00fcr\u00fcnlerde de omuz vatkas\u0131 imalat\u0131ndaki kalite prensiplerimizi muhafaza etmekteyiz.<\/div>\n<\/div>\n<\/div>\n<\/div>\n<\/div>\n<\/div><\/div><\/div><\/div><div id=\"pgc-232-0-1\"  class=\"panel-grid-cell\" ><div id=\"panel-232-0-1-0\" class=\"so-panel widget widget_black-studio-tinymce widget_black_studio_tinymce panel-first-child panel-last-child widgetopts-SO\" data-index=\"1\" ><div class=\"textwidget\"><p><img loading=\"lazy\" decoding=\"async\" class=\"alignnone wp-image-4455 \" src=\"https:\/\/incivatka.com.tr\/wp-content\/uploads\/2019\/01\/incivatka-bina2-300x276.jpg\" alt=\"\" width=\"350\" height=\"322\" srcset=\"https:\/\/incivatka.com.tr\/wp-content\/uploads\/2019\/01\/incivatka-bina2-300x276.jpg 300w, https:\/\/incivatka.com.tr\/wp-content\/uploads\/2019\/01\/incivatka-bina2.jpg 586w\" sizes=\"auto, (max-width: 350px) 100vw, 350px\" \/><\/p>\n<\/div><\/div><\/div><\/div><\/div>","protected":false},"excerpt":{"rendered":"<p> &hellip;<\/p>\n","protected":false},"author":1,"featured_media":0,"parent":0,"menu_order":0,"comment_status":"closed","ping_status":"open","template":"","meta":{"ngg_post_thumbnail":0,"footnotes":""},"class_list":["post-232","page","type-page","status-publish","hentry"],"_links":{"self":[{"href":"https:\/\/incivatka.com.tr\/en\/wp-json\/wp\/v2\/pages\/232","targetHints":{"allow":["GET"]}}],"collection":[{"href":"https:\/\/incivatka.com.tr\/en\/wp-json\/wp\/v2\/pages"}],"about":[{"href":"https:\/\/incivatka.com.tr\/en\/wp-json\/wp\/v2\/types\/page"}],"author":[{"embeddable":true,"href":"https:\/\/incivatka.com.tr\/en\/wp-json\/wp\/v2\/users\/1"}],"replies":[{"embeddable":true,"href":"https:\/\/incivatka.com.tr\/en\/wp-json\/wp\/v2\/comments?post=232"}],"version-history":[{"count":115,"href":"https:\/\/incivatka.com.tr\/en\/wp-json\/wp\/v2\/pages\/232\/revisions"}],"predecessor-version":[{"id":4541,"href":"https:\/\/incivatka.com.tr\/en\/wp-json\/wp\/v2\/pages\/232\/revisions\/4541"}],"wp:attachment":[{"href":"https:\/\/incivatka.com.tr\/en\/wp-json\/wp\/v2\/media?parent=232"}],"curies":[{"name":"wp","href":"https:\/\/api.w.org\/{rel}","templated":true}]}}