{"id":2400,"date":"2018-11-16T15:39:31","date_gmt":"2018-11-16T12:39:31","guid":{"rendered":"http:\/\/192.168.1.34\/mira\/?page_id=2400"},"modified":"2023-05-19T09:58:34","modified_gmt":"2023-05-19T06:58:34","slug":"urunlerimiz","status":"publish","type":"page","link":"https:\/\/incivatka.com.tr\/en\/urunlerimiz\/","title":{"rendered":"\u00dcr\u00fcnlerimiz"},"content":{"rendered":"<div id=\"pl-2400\"  class=\"panel-layout\" ><div id=\"pg-2400-0\"  class=\"panel-grid panel-no-style\" ><div id=\"pgc-2400-0-0\"  class=\"panel-grid-cell\" ><div id=\"panel-2400-0-0-0\" class=\"so-panel widget widget_media_image panel-first-child widgetopts-SO\" data-index=\"0\" ><div class=\"panel-widget-style panel-widget-style-for-2400-0-0-0\" ><a href=\"https:\/\/incivatka.com.tr\/urun-kategori\/omuz_vatkasi\/\"><img loading=\"lazy\" decoding=\"async\" width=\"533\" height=\"357\" src=\"https:\/\/incivatka.com.tr\/wp-content\/uploads\/2019\/01\/IMG_0345-e1547037748189.jpg\" class=\"image wp-image-4478  attachment-533x400 size-533x400\" alt=\"\" style=\"max-width: 100%; height: auto;\" \/><\/a><\/div><\/div><div id=\"panel-2400-0-0-1\" class=\"so-panel widget widget_origin_button panel-last-child widgetopts-SO\" data-index=\"1\" ><div class=\"origin-widget origin-widget-button origin-widget-button-simple-black align-justify\"><a href=\"https:\/\/incivatka.com.tr\/urun-kategori\/omuz_vatkasi\/\" >\n\tOMUZ VATKASI<\/a><\/div><\/div><\/div><div id=\"pgc-2400-0-1\"  class=\"panel-grid-cell\" ><div id=\"panel-2400-0-1-0\" class=\"so-panel widget widget_media_image panel-first-child widgetopts-SO\" data-index=\"2\" ><div class=\"panel-widget-style panel-widget-style-for-2400-0-1-0\" ><a href=\"https:\/\/incivatka.com.tr\/urun-kategori\/kol-fitilli\/\"><img loading=\"lazy\" decoding=\"async\" width=\"600\" height=\"400\" src=\"https:\/\/incivatka.com.tr\/wp-content\/uploads\/2019\/01\/kol.jpg\" class=\"image wp-image-4214  attachment-full size-full\" alt=\"\" style=\"max-width: 100%; height: auto;\" srcset=\"https:\/\/incivatka.com.tr\/wp-content\/uploads\/2019\/01\/kol.jpg 600w, https:\/\/incivatka.com.tr\/wp-content\/uploads\/2019\/01\/kol-300x200.jpg 300w, https:\/\/incivatka.com.tr\/wp-content\/uploads\/2019\/01\/kol-360x240.jpg 360w, https:\/\/incivatka.com.tr\/wp-content\/uploads\/2019\/01\/kol-272x182.jpg 272w\" sizes=\"auto, (max-width: 600px) 100vw, 600px\" \/><\/a><\/div><\/div><div id=\"panel-2400-0-1-1\" class=\"so-panel widget widget_origin_button panel-last-child widgetopts-SO\" data-index=\"3\" ><div class=\"origin-widget origin-widget-button origin-widget-button-simple-black align-justify\"><a href=\"https:\/\/incivatka.com.tr\/urun-kategori\/kol-fitilli\/\" >\n\tKOL F\u0130T\u0130LL\u0130<\/a><\/div><\/div><\/div><div id=\"pgc-2400-0-2\"  class=\"panel-grid-cell\" ><div id=\"panel-2400-0-2-0\" class=\"so-panel widget widget_media_image panel-first-child widgetopts-SO\" data-index=\"4\" ><div class=\"panel-widget-style panel-widget-style-for-2400-0-2-0\" ><a href=\"https:\/\/incivatka.com.tr\/urun-kategori\/yaka-kecesi\/\"><img loading=\"lazy\" decoding=\"async\" width=\"600\" height=\"400\" src=\"https:\/\/incivatka.com.tr\/wp-content\/uploads\/2019\/01\/yaka-kecesi.jpg\" class=\"image wp-image-4259  attachment-full size-full\" alt=\"\" style=\"max-width: 100%; height: auto;\" srcset=\"https:\/\/incivatka.com.tr\/wp-content\/uploads\/2019\/01\/yaka-kecesi.jpg 600w, https:\/\/incivatka.com.tr\/wp-content\/uploads\/2019\/01\/yaka-kecesi-300x200.jpg 300w, https:\/\/incivatka.com.tr\/wp-content\/uploads\/2019\/01\/yaka-kecesi-360x240.jpg 360w, https:\/\/incivatka.com.tr\/wp-content\/uploads\/2019\/01\/yaka-kecesi-272x182.jpg 272w\" sizes=\"auto, (max-width: 600px) 100vw, 600px\" \/><\/a><\/div><\/div><div id=\"panel-2400-0-2-1\" class=\"so-panel widget widget_origin_button panel-last-child widgetopts-SO\" data-index=\"5\" ><div class=\"origin-widget origin-widget-button origin-widget-button-simple-black align-justify\"><a href=\"https:\/\/incivatka.com.tr\/urun-kategori\/yaka-kecesi\/\" >\n\tYAKA KE\u00c7ES\u0130<\/a><\/div><\/div><\/div><div id=\"pgc-2400-0-3\"  class=\"panel-grid-cell\" ><div id=\"panel-2400-0-3-0\" class=\"so-panel widget widget_media_image panel-first-child widgetopts-SO\" data-index=\"6\" ><div class=\"panel-widget-style panel-widget-style-for-2400-0-3-0\" ><a href=\"https:\/\/incivatka.com.tr\/urun-kategori\/polyester_tvill\/\"><img loading=\"lazy\" decoding=\"async\" width=\"800\" height=\"477\" src=\"https:\/\/incivatka.com.tr\/wp-content\/uploads\/2023\/05\/Acetate-Twill-Astar-29-05-19.jpg\" class=\"image wp-image-5146  attachment-full size-full\" alt=\"\" style=\"max-width: 100%; height: auto;\" srcset=\"https:\/\/incivatka.com.tr\/wp-content\/uploads\/2023\/05\/Acetate-Twill-Astar-29-05-19.jpg 800w, https:\/\/incivatka.com.tr\/wp-content\/uploads\/2023\/05\/Acetate-Twill-Astar-29-05-19-300x179.jpg 300w, https:\/\/incivatka.com.tr\/wp-content\/uploads\/2023\/05\/Acetate-Twill-Astar-29-05-19-768x458.jpg 768w\" sizes=\"auto, (max-width: 800px) 100vw, 800px\" \/><\/a><\/div><\/div><div id=\"panel-2400-0-3-1\" class=\"so-panel widget widget_origin_button panel-last-child widgetopts-SO\" data-index=\"7\" ><div class=\"origin-widget origin-widget-button origin-widget-button-simple-black align-justify\"><a href=\"https:\/\/incivatka.com.tr\/urun-kategori\/polyester_tvill\/\" >\n\tPOLYESTER TW\u0130LL ASTAR<\/a><\/div><\/div><\/div><\/div><div id=\"pg-2400-1\"  class=\"panel-grid panel-no-style\" ><div id=\"pgc-2400-1-0\"  class=\"panel-grid-cell\" ><div id=\"panel-2400-1-0-0\" class=\"so-panel widget widget_media_image panel-first-child widgetopts-SO\" data-index=\"8\" ><div class=\"panel-widget-style panel-widget-style-for-2400-1-0-0\" ><a href=\"https:\/\/incivatka.com.tr\/urun-kategori\/beden-telas\u0131\/\"><img loading=\"lazy\" decoding=\"async\" width=\"2560\" height=\"1920\" src=\"https:\/\/incivatka.com.tr\/wp-content\/uploads\/2023\/05\/IMG-6470-scaled.jpg\" class=\"image wp-image-5148  attachment-full size-full\" alt=\"\" style=\"max-width: 100%; height: auto;\" srcset=\"https:\/\/incivatka.com.tr\/wp-content\/uploads\/2023\/05\/IMG-6470-scaled.jpg 2560w, https:\/\/incivatka.com.tr\/wp-content\/uploads\/2023\/05\/IMG-6470-scaled-300x225.jpg 300w, https:\/\/incivatka.com.tr\/wp-content\/uploads\/2023\/05\/IMG-6470-scaled-768x576.jpg 768w, https:\/\/incivatka.com.tr\/wp-content\/uploads\/2023\/05\/IMG-6470-scaled-1024x768.jpg 1024w, https:\/\/incivatka.com.tr\/wp-content\/uploads\/2023\/05\/IMG-6470-scaled-800x600.jpg 800w\" sizes=\"auto, (max-width: 2560px) 100vw, 2560px\" \/><\/a><\/div><\/div><div id=\"panel-2400-1-0-1\" class=\"so-panel widget widget_origin_button panel-last-child widgetopts-SO\" data-index=\"9\" ><div class=\"origin-widget origin-widget-button origin-widget-button-simple-black align-justify\"><a href=\"https:\/\/incivatka.com.tr\/urun-kategori\/beden-telas\u0131\/\" >\n\tSTRECH BEDEN TELASI<\/a><\/div><\/div><\/div><div id=\"pgc-2400-1-1\"  class=\"panel-grid-cell\" ><div id=\"panel-2400-1-1-0\" class=\"so-panel widget widget_media_image panel-first-child widgetopts-SO\" data-index=\"10\" ><div class=\"panel-widget-style panel-widget-style-for-2400-1-1-0\" ><a href=\"https:\/\/incivatka.com.tr\/urun-kategori\/yaka-kecesi\/\"><img loading=\"lazy\" decoding=\"async\" width=\"1229\" height=\"1125\" src=\"https:\/\/incivatka.com.tr\/wp-content\/uploads\/2023\/05\/fitillik-elyaf-4-1.jpg\" class=\"image wp-image-5149  attachment-full size-full\" alt=\"\" style=\"max-width: 100%; height: auto;\" srcset=\"https:\/\/incivatka.com.tr\/wp-content\/uploads\/2023\/05\/fitillik-elyaf-4-1.jpg 1229w, https:\/\/incivatka.com.tr\/wp-content\/uploads\/2023\/05\/fitillik-elyaf-4-1-300x275.jpg 300w, https:\/\/incivatka.com.tr\/wp-content\/uploads\/2023\/05\/fitillik-elyaf-4-1-768x703.jpg 768w, https:\/\/incivatka.com.tr\/wp-content\/uploads\/2023\/05\/fitillik-elyaf-4-1-1024x937.jpg 1024w, https:\/\/incivatka.com.tr\/wp-content\/uploads\/2023\/05\/fitillik-elyaf-4-1-800x732.jpg 800w\" sizes=\"auto, (max-width: 1229px) 100vw, 1229px\" \/><\/a><\/div><\/div><div id=\"panel-2400-1-1-1\" class=\"so-panel widget widget_origin_button panel-last-child widgetopts-SO\" data-index=\"11\" ><div class=\"origin-widget origin-widget-button origin-widget-button-simple-black align-justify\"><a href=\"https:\/\/incivatka.com.tr\/urun-kategori\/yaka-kecesi\/\" >\n\tM\u0130FLON<\/a><\/div><\/div><\/div><div id=\"pgc-2400-1-2\"  class=\"panel-grid-cell panel-grid-cell-mobile-last\" ><div id=\"panel-2400-1-2-0\" class=\"so-panel widget widget_media_image panel-first-child widgetopts-SO\" data-index=\"12\" ><div class=\"panel-widget-style panel-widget-style-for-2400-1-2-0\" ><a href=\"https:\/\/incivatka.com.tr\/urun-kategori\/diger-urunler\/\"><img loading=\"lazy\" decoding=\"async\" width=\"600\" height=\"400\" src=\"https:\/\/incivatka.com.tr\/wp-content\/uploads\/2019\/01\/diger-urunler.jpg\" class=\"image wp-image-4820  attachment-full size-full\" alt=\"\" style=\"max-width: 100%; height: auto;\" srcset=\"https:\/\/incivatka.com.tr\/wp-content\/uploads\/2019\/01\/diger-urunler.jpg 600w, https:\/\/incivatka.com.tr\/wp-content\/uploads\/2019\/01\/diger-urunler-300x200.jpg 300w, https:\/\/incivatka.com.tr\/wp-content\/uploads\/2019\/01\/diger-urunler-360x240.jpg 360w, https:\/\/incivatka.com.tr\/wp-content\/uploads\/2019\/01\/diger-urunler-272x182.jpg 272w\" sizes=\"auto, (max-width: 600px) 100vw, 600px\" \/><\/a><\/div><\/div><div id=\"panel-2400-1-2-1\" class=\"so-panel widget widget_origin_button panel-last-child widgetopts-SO\" data-index=\"13\" ><div class=\"origin-widget origin-widget-button origin-widget-button-simple-black align-justify\"><a href=\"https:\/\/incivatka.com.tr\/urun-kategori\/diger-urunler\/\" >\n\tD\u0130\u011eER \u00dcR\u00dcNLER<\/a><\/div><\/div><\/div><div id=\"pgc-2400-1-3\"  class=\"panel-grid-cell panel-grid-cell-empty\" ><\/div><\/div><\/div>","protected":false},"excerpt":{"rendered":"<p> &hellip;<\/p>\n","protected":false},"author":1,"featured_media":0,"parent":0,"menu_order":0,"comment_status":"closed","ping_status":"closed","template":"","meta":{"ngg_post_thumbnail":0,"footnotes":""},"class_list":["post-2400","page","type-page","status-publish","hentry"],"_links":{"self":[{"href":"https:\/\/incivatka.com.tr\/en\/wp-json\/wp\/v2\/pages\/2400","targetHints":{"allow":["GET"]}}],"collection":[{"href":"https:\/\/incivatka.com.tr\/en\/wp-json\/wp\/v2\/pages"}],"about":[{"href":"https:\/\/incivatka.com.tr\/en\/wp-json\/wp\/v2\/types\/page"}],"author":[{"embeddable":true,"href":"https:\/\/incivatka.com.tr\/en\/wp-json\/wp\/v2\/users\/1"}],"replies":[{"embeddable":true,"href":"https:\/\/incivatka.com.tr\/en\/wp-json\/wp\/v2\/comments?post=2400"}],"version-history":[{"count":257,"href":"https:\/\/incivatka.com.tr\/en\/wp-json\/wp\/v2\/pages\/2400\/revisions"}],"predecessor-version":[{"id":3255,"href":"https:\/\/incivatka.com.tr\/en\/wp-json\/wp\/v2\/pages\/2400\/revisions\/3255"}],"wp:attachment":[{"href":"https:\/\/incivatka.com.tr\/en\/wp-json\/wp\/v2\/media?parent=2400"}],"curies":[{"name":"wp","href":"https:\/\/api.w.org\/{rel}","templated":true}]}}