{"id":3097,"date":"2018-11-23T14:12:36","date_gmt":"2018-11-23T11:12:36","guid":{"rendered":"https:\/\/www.dalteks.net\/?page_id=3097"},"modified":"2019-01-12T15:02:23","modified_gmt":"2019-01-12T12:02:23","slug":"yaka-kecesi","status":"publish","type":"page","link":"https:\/\/incivatka.com.tr\/en\/uretim\/yaka-kecesi\/","title":{"rendered":"Yaka Ke\u00e7esi"},"content":{"rendered":"<div id=\"pl-3097\"  class=\"panel-layout\" ><div id=\"pg-3097-0\"  class=\"panel-grid panel-no-style\" ><div id=\"pgc-3097-0-0\"  class=\"panel-grid-cell\" ><div id=\"panel-3097-0-0-0\" class=\"so-panel widget widget_black-studio-tinymce widget_black_studio_tinymce panel-first-child panel-last-child widgetopts-SO\" data-index=\"0\" ><div class=\"textwidget\"><h2 class=\"main-title__primary\">YAKA KE\u00c7ES\u0130<\/h2>\n<p>M\u00fc\u015fterilerimize lojistik destek ama\u00e7l\u0131 olarak,\u00fcretimde kullanm\u0131\u015f oldu\u011fumuz,elyaf, nonwoven, s\u00fcnger, \u00f6rme kuma\u015f, pamuk, k\u0131l tela gibi \u00fcr\u00fcnlerin yan\u0131 s\u0131ra di\u011fer konfeksiyon yan \u00fcr\u00fcnlerinde (nak\u0131\u015f telas\u0131, ka\u011f\u0131t tela, bez tela, top fuse yaka astar\u0131, ra\u015fel \u00f6rg\u00fc tela, strech tela, k\u0131l tela, ceplik, astar) sat\u0131\u015f\u0131n\u0131 yapmaktay\u0131z.Sat\u0131\u015f\u0131n\u0131 yapm\u0131\u015f oldu\u011fumuz bu \u00fcr\u00fcnlerde de omuz vatkas\u0131 imalat\u0131ndaki kalite prensiplerimizi muhafaza etmekteyiz.<\/p>\n<\/div><\/div><\/div><div id=\"pgc-3097-0-1\"  class=\"panel-grid-cell\" ><div id=\"panel-3097-0-1-0\" class=\"so-panel widget widget_black-studio-tinymce widget_black_studio_tinymce panel-first-child panel-last-child widgetopts-SO\" data-index=\"1\" ><div class=\"textwidget\"><p><img loading=\"lazy\" decoding=\"async\" class=\"alignnone size-medium wp-image-4748\" src=\"https:\/\/incivatka.com.tr\/wp-content\/uploads\/2019\/01\/kece-300x300.jpg\" alt=\"\" width=\"300\" height=\"300\" srcset=\"https:\/\/incivatka.com.tr\/wp-content\/uploads\/2019\/01\/kece-300x300.jpg 300w, https:\/\/incivatka.com.tr\/wp-content\/uploads\/2019\/01\/kece-150x150.jpg 150w, https:\/\/incivatka.com.tr\/wp-content\/uploads\/2019\/01\/kece-768x768.jpg 768w, https:\/\/incivatka.com.tr\/wp-content\/uploads\/2019\/01\/kece.jpg 800w, https:\/\/incivatka.com.tr\/wp-content\/uploads\/2019\/01\/kece-100x100.jpg 100w\" sizes=\"auto, (max-width: 300px) 100vw, 300px\" \/><\/p>\n<\/div><\/div><\/div><\/div><div id=\"pg-3097-1\"  class=\"panel-grid panel-no-style\" ><div id=\"pgc-3097-1-0\"  class=\"panel-grid-cell\" ><div id=\"panel-3097-1-0-0\" class=\"so-panel widget widget_black-studio-tinymce widget_black_studio_tinymce panel-first-child panel-last-child widgetopts-SO\" data-index=\"2\" ><div class=\"textwidget\"><p><iframe loading=\"lazy\" width=\"560\" height=\"315\" src=\"https:\/\/www.youtube-nocookie.com\/embed\/Vs0uzS5d49g?controls=0\" frameborder=\"0\" allow=\"accelerometer; autoplay; encrypted-media; gyroscope; picture-in-picture\" allowfullscreen><\/iframe><\/p>\n<\/div><\/div><\/div><\/div><\/div>","protected":false},"excerpt":{"rendered":"<p> &hellip;<\/p>\n","protected":false},"author":1,"featured_media":4210,"parent":76,"menu_order":0,"comment_status":"closed","ping_status":"closed","template":"","meta":{"ngg_post_thumbnail":0,"footnotes":""},"class_list":["post-3097","page","type-page","status-publish","has-post-thumbnail","hentry"],"_links":{"self":[{"href":"https:\/\/incivatka.com.tr\/en\/wp-json\/wp\/v2\/pages\/3097","targetHints":{"allow":["GET"]}}],"collection":[{"href":"https:\/\/incivatka.com.tr\/en\/wp-json\/wp\/v2\/pages"}],"about":[{"href":"https:\/\/incivatka.com.tr\/en\/wp-json\/wp\/v2\/types\/page"}],"author":[{"embeddable":true,"href":"https:\/\/incivatka.com.tr\/en\/wp-json\/wp\/v2\/users\/1"}],"replies":[{"embeddable":true,"href":"https:\/\/incivatka.com.tr\/en\/wp-json\/wp\/v2\/comments?post=3097"}],"version-history":[{"count":38,"href":"https:\/\/incivatka.com.tr\/en\/wp-json\/wp\/v2\/pages\/3097\/revisions"}],"predecessor-version":[{"id":4749,"href":"https:\/\/incivatka.com.tr\/en\/wp-json\/wp\/v2\/pages\/3097\/revisions\/4749"}],"up":[{"embeddable":true,"href":"https:\/\/incivatka.com.tr\/en\/wp-json\/wp\/v2\/pages\/76"}],"wp:featuredmedia":[{"embeddable":true,"href":"https:\/\/incivatka.com.tr\/en\/wp-json\/wp\/v2\/media\/4210"}],"wp:attachment":[{"href":"https:\/\/incivatka.com.tr\/en\/wp-json\/wp\/v2\/media?parent=3097"}],"curies":[{"name":"wp","href":"https:\/\/api.w.org\/{rel}","templated":true}]}}