{"id":7,"date":"2015-04-14T10:13:09","date_gmt":"2015-04-14T10:13:09","guid":{"rendered":"https:\/\/xml-io.proteusthemes.com\/cargopress\/?page_id=6"},"modified":"2019-01-15T16:02:32","modified_gmt":"2019-01-15T13:02:32","slug":"home","status":"publish","type":"page","link":"https:\/\/incivatka.com.tr\/en\/","title":{"rendered":"Anasayfa"},"content":{"rendered":"<div id=\"pl-7\"  class=\"panel-layout\" ><div id=\"pg-7-0\"  class=\"panel-grid panel-has-style\" ><div class=\"siteorigin-panels-stretch panel-row-style panel-row-style-for-7-0\" data-stretch-type=\"full\" ><div id=\"pgc-7-0-0\"  class=\"panel-grid-cell\" ><div id=\"panel-7-0-0-0\" class=\"so-panel widget panel-first-child widgetopts-SO\" data-index=\"0\" ><\/div><div id=\"panel-7-0-0-1\" class=\"so-panel widget widget_pw_call_to_action widget-call-to-action panel-last-child widgetopts-SO\" data-index=\"1\" ><div class=\"panel-widget-style panel-widget-style-for-7-0-0-1\" >\t\t\t\t<div class=\"call-to-action\">\n\t\t\t\t\t<div class=\"call-to-action__text\">\n\t\t\t\t\t\tOMUZ VATKA - YAKA KE\u00c7ES\u0130 - KOL F\u0130T\u0130LL\u0130\t\t\t\t\t<\/div>\n\t\t\t\t\t<div class=\"call-to-action__button\">\n\t\t\t\t\t\t\t\t\t\t\t<\/div>\n\t\t\t\t<\/div>\n\t\t\t<\/div><\/div><\/div><\/div><\/div><div id=\"pg-7-1\"  class=\"panel-grid panel-has-style\" ><div class=\"panel-row-style panel-row-style-for-7-1\" ><div id=\"pgc-7-1-0\"  class=\"panel-grid-cell panel-grid-cell-empty\" ><\/div><\/div><\/div><div id=\"pg-7-2\"  class=\"panel-grid panel-no-style\" ><div id=\"pgc-7-2-0\"  class=\"panel-grid-cell\" ><div id=\"panel-7-2-0-0\" class=\"so-panel widget widget_black-studio-tinymce widget_black_studio_tinymce panel-first-child panel-last-child widgetopts-SO\" data-index=\"2\" ><div class=\"widget-title--big panel-widget-style panel-widget-style-for-7-2-0-0\" ><div class=\"textwidget\">&nbsp;\n\n1986 y\u0131l\u0131nda kurulmu\u015f olan firmam\u0131z, kuruldu\u011fu tarihten itibaren teknoloji yat\u0131r\u0131mlar\u0131 \u00fczerinde hassasiyetle durmakta olup bu d\u00fc\u015f\u00fcnceyle alman teknolojisini getirmi\u015ftir. Yurt d\u0131\u015f\u0131nda ithal edilen vatka \u00e7e\u015fitleri \u0130NC\u0130 VATKA tesisinde \u00fcretilmektedir. B\u00f6ylece vatka, kalitesini artt\u0131rm\u0131\u015f seri \u00fcretim kazanm\u0131\u015ft\u0131r.\n\n&nbsp;\n\n<hr \/>\n\nM\u00fc\u015fterilerimize lojistik destek ama\u00e7l\u0131 olarak,\u00fcretimde kullanm\u0131\u015f oldu\u011fumuz,elyaf, nonwoven, s\u00fcnger, \u00f6rme kuma\u015f, pamuk, k\u0131l tela gibi \u00fcr\u00fcnlerin yan\u0131 s\u0131ra di\u011fer konfeksiyon yan \u00fcr\u00fcnlerinde (nak\u0131\u015f telas\u0131, ka\u011f\u0131t tela, bez tela, top fuse yaka astar\u0131, ra\u015fel \u00f6rg\u00fc tela, strech tela, k\u0131l tela, ceplik, astar) sat\u0131\u015f\u0131n\u0131 yapmaktay\u0131z.Sat\u0131\u015f\u0131n\u0131 yapm\u0131\u015f oldu\u011fumuz bu \u00fcr\u00fcnlerde de omuz vatkas\u0131 imalat\u0131ndaki kalite prensiplerimizi muhafaza etmekteyiz.\n\n<hr \/>\n\n<h4><\/h4><\/div><\/div><\/div><\/div><\/div><div id=\"pg-7-3\"  class=\"panel-grid panel-no-style\" ><div id=\"pgc-7-3-0\"  class=\"panel-grid-cell\" ><div id=\"panel-7-3-0-0\" class=\"so-panel widget widget_black-studio-tinymce widget_black_studio_tinymce panel-first-child panel-last-child widgetopts-SO\" data-index=\"3\" ><div class=\"textwidget\"><p><img loading=\"lazy\" decoding=\"async\" class=\"aligncenter wp-image-4678 size-full\" src=\"https:\/\/incivatka.com.tr\/wp-content\/uploads\/2019\/01\/666.png\" alt=\"\" width=\"300\" height=\"332\" srcset=\"https:\/\/incivatka.com.tr\/wp-content\/uploads\/2019\/01\/666.png 300w, https:\/\/incivatka.com.tr\/wp-content\/uploads\/2019\/01\/666-271x300.png 271w\" sizes=\"auto, (max-width: 300px) 100vw, 300px\" \/><\/p>\n<p>&nbsp;<\/p>\n<\/div><\/div><\/div><div id=\"pgc-7-3-1\"  class=\"panel-grid-cell\" ><div id=\"panel-7-3-1-0\" class=\"so-panel widget widget_black-studio-tinymce widget_black_studio_tinymce panel-first-child panel-last-child widgetopts-SO\" data-index=\"4\" ><div class=\"widget-title--big panel-widget-style panel-widget-style-for-7-3-1-0\" ><div class=\"textwidget\"><iframe loading=\"lazy\" width=\"600\" height=\"280\" src=\"https:\/\/www.youtube-nocookie.com\/embed\/LcPaniMsBUw?controls=0\" frameborder=\"0\" allow=\"accelerometer; autoplay; encrypted-media; gyroscope; picture-in-picture\" allowfullscreen><\/iframe><\/div><\/div><\/div><\/div><div id=\"pgc-7-3-2\"  class=\"panel-grid-cell\" ><div id=\"panel-7-3-2-0\" class=\"so-panel widget widget_black-studio-tinymce widget_black_studio_tinymce panel-first-child panel-last-child widgetopts-SO\" data-index=\"5\" ><div class=\"textwidget\"><p><img loading=\"lazy\" decoding=\"async\" class=\"alignnone wp-image-4823 size-full\" src=\"https:\/\/incivatka.com.tr\/wp-content\/uploads\/2019\/01\/6653.png\" alt=\"\" width=\"265\" height=\"298\"><\/p>\n<p>&nbsp;<\/p>\n<\/div><\/div><\/div><\/div><div id=\"pg-7-4\"  class=\"panel-grid panel-no-style\" ><div id=\"pgc-7-4-0\"  class=\"panel-grid-cell\" ><div id=\"panel-7-4-0-0\" class=\"so-panel widget widget_sow-post-carousel panel-first-child panel-last-child widgetopts-SO\" data-index=\"6\" ><div class=\"so-widget-sow-post-carousel so-widget-sow-post-carousel-default-c643022ccf54\">\r\n\t<div class=\"sow-carousel-title\">\r\n\t\t\r\n\t\t<a href=\"#\" class=\"sow-carousel-next\" title=\"Next\"><\/a>\r\n\t\t<a href=\"#\" class=\"sow-carousel-previous\" title=\"Previous\"><\/a>\r\n\t<\/div>\r\n\r\n\t<div class=\"sow-carousel-container\">\r\n\r\n\t\t<a href=\"#\" class=\"sow-carousel-previous\" title=\"Previous\"><\/a>\r\n\r\n\t\t<a href=\"#\" class=\"sow-carousel-next\" title=\"Next\"><\/a>\r\n\r\n\t\t<div class=\"sow-carousel-wrapper\"\r\n\t\t     data-found-posts=\"91\"\r\n\t\t     data-ajax-url=\"https:\/\/incivatka.com.tr\/wp-admin\/admin-ajax.php?_widgets_nonce=121ccb86b0\"\r\n\t\t\t>\r\n\t\t\t<ul class=\"sow-carousel-items\">\r\n\t\t\t\t\t<li class=\"sow-carousel-item\">\r\n\t\t<div class=\"sow-carousel-thumbnail\">\r\n\t\t\t\t\t\t\t<a href=\"https:\/\/incivatka.com.tr\/en\/product\/showroom\/\" style=\"background-image: url(https:\/\/incivatka.com.tr\/wp-content\/uploads\/2019\/03\/5-270x190.jpg)\">\r\n\t\t\t\t\t<span class=\"overlay\"><\/span>\r\n\t\t\t\t<\/a>\r\n\t\t\t\t\t<\/div>\r\n\t\t<h3><a href=\"https:\/\/incivatka.com.tr\/en\/product\/showroom\/\">SHOWROOM<\/a><\/h3>\r\n\t<\/li>\r\n\t<li class=\"sow-carousel-item\">\r\n\t\t<div class=\"sow-carousel-thumbnail\">\r\n\t\t\t\t\t\t\t<a href=\"https:\/\/incivatka.com.tr\/en\/product\/ceket-2\/\" style=\"background-image: url(https:\/\/incivatka.com.tr\/wp-content\/uploads\/2019\/03\/1.-270x190.jpg)\">\r\n\t\t\t\t\t<span class=\"overlay\"><\/span>\r\n\t\t\t\t<\/a>\r\n\t\t\t\t\t<\/div>\r\n\t\t<h3><a href=\"https:\/\/incivatka.com.tr\/en\/product\/ceket-2\/\">CEKET<\/a><\/h3>\r\n\t<\/li>\r\n\t<li class=\"sow-carousel-item\">\r\n\t\t<div class=\"sow-carousel-thumbnail\">\r\n\t\t\t\t\t\t\t<a href=\"https:\/\/incivatka.com.tr\/en\/product\/ceket\/\" style=\"background-image: url(https:\/\/incivatka.com.tr\/wp-content\/uploads\/2019\/03\/5-270x190.jpg)\">\r\n\t\t\t\t\t<span class=\"overlay\"><\/span>\r\n\t\t\t\t<\/a>\r\n\t\t\t\t\t<\/div>\r\n\t\t<h3><a href=\"https:\/\/incivatka.com.tr\/en\/product\/ceket\/\">CEKET<\/a><\/h3>\r\n\t<\/li>\r\n\t<li class=\"sow-carousel-item\">\r\n\t\t<div class=\"sow-carousel-thumbnail\">\r\n\t\t\t\t\t\t\t<a href=\"https:\/\/incivatka.com.tr\/en\/product\/omuz-vatkasi-ve-kol-fitili-3\/\" style=\"background-image: url(https:\/\/incivatka.com.tr\/wp-content\/uploads\/2019\/03\/1-270x190.jpg)\">\r\n\t\t\t\t\t<span class=\"overlay\"><\/span>\r\n\t\t\t\t<\/a>\r\n\t\t\t\t\t<\/div>\r\n\t\t<h3><a href=\"https:\/\/incivatka.com.tr\/en\/product\/omuz-vatkasi-ve-kol-fitili-3\/\">OMUZ VATKASI VE KOL F\u0130T\u0130L\u0130<\/a><\/h3>\r\n\t<\/li>\r\n\t<li class=\"sow-carousel-item\">\r\n\t\t<div class=\"sow-carousel-thumbnail\">\r\n\t\t\t\t\t\t\t<a href=\"https:\/\/incivatka.com.tr\/en\/product\/omuz-vatkasi-ve-kol-fitili-2\/\" style=\"background-image: url(https:\/\/incivatka.com.tr\/wp-content\/uploads\/2019\/03\/2-270x190.jpg)\">\r\n\t\t\t\t\t<span class=\"overlay\"><\/span>\r\n\t\t\t\t<\/a>\r\n\t\t\t\t\t<\/div>\r\n\t\t<h3><a href=\"https:\/\/incivatka.com.tr\/en\/product\/omuz-vatkasi-ve-kol-fitili-2\/\">OMUZ VATKASI VE KOL F\u0130T\u0130L\u0130<\/a><\/h3>\r\n\t<\/li>\r\n\t<li class=\"sow-carousel-item\">\r\n\t\t<div class=\"sow-carousel-thumbnail\">\r\n\t\t\t\t\t\t\t<a href=\"https:\/\/incivatka.com.tr\/en\/product\/omuz-vatkasi-ve-kol-fitili\/\" style=\"background-image: url(https:\/\/incivatka.com.tr\/wp-content\/uploads\/2019\/03\/3-270x190.jpg)\">\r\n\t\t\t\t\t<span class=\"overlay\"><\/span>\r\n\t\t\t\t<\/a>\r\n\t\t\t\t\t<\/div>\r\n\t\t<h3><a href=\"https:\/\/incivatka.com.tr\/en\/product\/omuz-vatkasi-ve-kol-fitili\/\">OMUZ VATKASI VE KOL F\u0130T\u0130L\u0130<\/a><\/h3>\r\n\t<\/li>\r\n\t<li class=\"sow-carousel-item\">\r\n\t\t<div class=\"sow-carousel-thumbnail\">\r\n\t\t\t\t\t\t\t<a href=\"https:\/\/incivatka.com.tr\/en\/product\/omuz-vatka-si-ve-kol-fitili\/\" style=\"background-image: url(https:\/\/incivatka.com.tr\/wp-content\/uploads\/2019\/03\/4-270x190.jpg)\">\r\n\t\t\t\t\t<span class=\"overlay\"><\/span>\r\n\t\t\t\t<\/a>\r\n\t\t\t\t\t<\/div>\r\n\t\t<h3><a href=\"https:\/\/incivatka.com.tr\/en\/product\/omuz-vatka-si-ve-kol-fitili\/\">OMUZ VATKA SI VE KOL F\u0130T\u0130L\u0130<\/a><\/h3>\r\n\t<\/li>\r\n\t<li class=\"sow-carousel-item\">\r\n\t\t<div class=\"sow-carousel-thumbnail\">\r\n\t\t\t\t\t\t\t<a href=\"https:\/\/incivatka.com.tr\/en\/product\/art-02-sungerli-fitillik-3\/\" style=\"background-image: url(https:\/\/incivatka.com.tr\/wp-content\/uploads\/2019\/03\/S\u00dcNGERL\u0130-F\u0130T.-02-270x190.jpg)\">\r\n\t\t\t\t\t<span class=\"overlay\"><\/span>\r\n\t\t\t\t<\/a>\r\n\t\t\t\t\t<\/div>\r\n\t\t<h3><a href=\"https:\/\/incivatka.com.tr\/en\/product\/art-02-sungerli-fitillik-3\/\">Art: 02 S\u00dcNGERL\u0130 F\u0130T\u0130LL\u0130K<\/a><\/h3>\r\n\t<\/li>\r\n\t<li class=\"sow-carousel-item\">\r\n\t\t<div class=\"sow-carousel-thumbnail\">\r\n\t\t\t\t\t\t\t<a href=\"https:\/\/incivatka.com.tr\/en\/product\/art-02-sungerli-fitillik-2\/\" style=\"background-image: url(https:\/\/incivatka.com.tr\/wp-content\/uploads\/2019\/03\/S\u00dcNGERL\u0130-F\u0130T-02-270x190.jpg)\">\r\n\t\t\t\t\t<span class=\"overlay\"><\/span>\r\n\t\t\t\t<\/a>\r\n\t\t\t\t\t<\/div>\r\n\t\t<h3><a href=\"https:\/\/incivatka.com.tr\/en\/product\/art-02-sungerli-fitillik-2\/\">Art: 02 S\u00dcNGERL\u0130 F\u0130T\u0130LL\u0130K<\/a><\/h3>\r\n\t<\/li>\r\n\t<li class=\"sow-carousel-item\">\r\n\t\t<div class=\"sow-carousel-thumbnail\">\r\n\t\t\t\t\t\t\t<a href=\"https:\/\/incivatka.com.tr\/en\/product\/art-c-1290-ceplik\/\" style=\"background-image: url(https:\/\/incivatka.com.tr\/wp-content\/uploads\/2019\/03\/C-1290-270x190.jpg)\">\r\n\t\t\t\t\t<span class=\"overlay\"><\/span>\r\n\t\t\t\t<\/a>\r\n\t\t\t\t\t<\/div>\r\n\t\t<h3><a href=\"https:\/\/incivatka.com.tr\/en\/product\/art-c-1290-ceplik\/\">Art: C-1290 CEPL\u0130K<\/a><\/h3>\r\n\t<\/li>\r\n\t\t\t<\/ul>\r\n\t\t<\/div>\r\n\t<\/div>\r\n\t<input type=\"hidden\" name=\"instance_hash\" value=\"633bab33\"\/>\r\n<\/div><\/div><\/div><\/div><\/div>","protected":false},"excerpt":{"rendered":"<p> &hellip;<\/p>\n","protected":false},"author":1,"featured_media":0,"parent":0,"menu_order":0,"comment_status":"closed","ping_status":"open","template":"template-front-page-slider.php","meta":{"ngg_post_thumbnail":0,"footnotes":""},"class_list":["post-7","page","type-page","status-publish","hentry"],"_links":{"self":[{"href":"https:\/\/incivatka.com.tr\/en\/wp-json\/wp\/v2\/pages\/7","targetHints":{"allow":["GET"]}}],"collection":[{"href":"https:\/\/incivatka.com.tr\/en\/wp-json\/wp\/v2\/pages"}],"about":[{"href":"https:\/\/incivatka.com.tr\/en\/wp-json\/wp\/v2\/types\/page"}],"author":[{"embeddable":true,"href":"https:\/\/incivatka.com.tr\/en\/wp-json\/wp\/v2\/users\/1"}],"replies":[{"embeddable":true,"href":"https:\/\/incivatka.com.tr\/en\/wp-json\/wp\/v2\/comments?post=7"}],"version-history":[{"count":650,"href":"https:\/\/incivatka.com.tr\/en\/wp-json\/wp\/v2\/pages\/7\/revisions"}],"predecessor-version":[{"id":4857,"href":"https:\/\/incivatka.com.tr\/en\/wp-json\/wp\/v2\/pages\/7\/revisions\/4857"}],"wp:attachment":[{"href":"https:\/\/incivatka.com.tr\/en\/wp-json\/wp\/v2\/media?parent=7"}],"curies":[{"name":"wp","href":"https:\/\/api.w.org\/{rel}","templated":true}]}}