{"id":76,"date":"2015-04-23T11:04:51","date_gmt":"2015-04-23T11:04:51","guid":{"rendered":"https:\/\/xml-io.proteusthemes.com\/cargopress\/?page_id=76"},"modified":"2019-01-09T15:46:14","modified_gmt":"2019-01-09T12:46:14","slug":"uretim","status":"publish","type":"page","link":"https:\/\/incivatka.com.tr\/en\/uretim\/","title":{"rendered":"\u00dcretim"},"content":{"rendered":"<div id=\"pl-76\"  class=\"panel-layout\" ><div id=\"pg-76-0\"  class=\"panel-grid panel-no-style\" ><div id=\"pgc-76-0-0\"  class=\"panel-grid-cell panel-grid-cell-empty\" ><\/div><\/div><div id=\"pg-76-1\"  class=\"panel-grid panel-no-style\" ><div id=\"pgc-76-1-0\"  class=\"panel-grid-cell\" ><div id=\"panel-76-1-0-0\" class=\"so-panel widget widget_pw_featured_page widget-featured-page panel-first-child panel-last-child\" data-index=\"0\" >\n\n\t<div class=\"page-box  page-box--block\">\n\t\t\t<a class=\"page-box__picture\" href=\"https:\/\/incivatka.com.tr\/en\/uretim\/kol-fitilli\/\"><img loading=\"lazy\" decoding=\"async\" src=\"https:\/\/incivatka.com.tr\/wp-content\/uploads\/2019\/01\/kol-360x240.jpg\" width=\"360\" height=\"240\" srcset=\"https:\/\/incivatka.com.tr\/wp-content\/uploads\/2019\/01\/kol-360x240.jpg 360w, https:\/\/incivatka.com.tr\/wp-content\/uploads\/2019\/01\/kol.jpg 600w\" sizes=\"auto, (min-width: 992px) 360px, calc(100vw - 30px)\" class=\"wp-post-image\" alt=\"Kol Fitilli\"><\/a>\n\t\t<div class=\"page-box__content\">\n\t\t\t<h5 class=\"page-box__title  text-uppercase\"><a href=\"https:\/\/incivatka.com.tr\/en\/uretim\/kol-fitilli\/\">Kol Fitilli<\/a><\/h5>\n\t\t\t<p>KOL F\u0130T\u0130L\u0130 \u0130nci Vatka b\u00fcy\u00fcme, k\u00e2rl\u0131l\u0131k ve hizmet\u00a0kalitesi\u00a0anlam\u0131nda d\u00fcnya standartlar\u0131nda\u00a0\u00fcretim\u00a0yap\u0131yor. Y\u00fcksek kaliteli kol fitili imalat\u0131 ile sekt\u00f6rde lider kalite standard\u0131na sahip bir firma olarak uzun y\u0131llar sekt\u00f6rde &hellip;<\/p>\n\t\t\t\t<p><a href=\"https:\/\/incivatka.com.tr\/en\/uretim\/kol-fitilli\/\" class=\"read-more  read-more--page-box\">Daha fazla oku<\/a><\/p>\n\t\t<\/div>\n\t<\/div>\n\n<\/div><\/div><div id=\"pgc-76-1-1\"  class=\"panel-grid-cell\" ><div id=\"panel-76-1-1-0\" class=\"so-panel widget widget_pw_featured_page widget-featured-page panel-first-child panel-last-child\" data-index=\"1\" >\n\n\t<div class=\"page-box  page-box--block\">\n\t\t\t<a class=\"page-box__picture\" href=\"https:\/\/incivatka.com.tr\/en\/uretim\/omuz-vatka\/\"><img loading=\"lazy\" decoding=\"async\" src=\"https:\/\/incivatka.com.tr\/wp-content\/uploads\/2019\/01\/6565.jpg\" width=\"300\" height=\"200\" srcset=\"https:\/\/incivatka.com.tr\/wp-content\/uploads\/2019\/01\/6565.jpg 300w, https:\/\/incivatka.com.tr\/wp-content\/uploads\/2019\/01\/6565.jpg 300w\" sizes=\"auto, (min-width: 992px) 360px, calc(100vw - 30px)\" class=\"wp-post-image\" alt=\"Omuz Vatkas\u0131\"><\/a>\n\t\t<div class=\"page-box__content\">\n\t\t\t<h5 class=\"page-box__title  text-uppercase\"><a href=\"https:\/\/incivatka.com.tr\/en\/uretim\/omuz-vatka\/\">Omuz Vatkas\u0131<\/a><\/h5>\n\t\t\t<p>OMUZ VATKASI Vatka, genellikle elbise, ceket ve mont gibi giysilerde, giysinin omzunun dik durmas\u0131n\u0131, dik g\u00f6r\u00fcnmesini sa\u011flamak amac\u0131yla yap\u0131lan, t\u00fcl, vatinli ve pamuk kuma\u015f\u0131n i\u00e7ine elyaf veya s\u00fcnger konularak, omuz k\u0131sm\u0131na dikilen, &hellip;<\/p>\n\t\t\t\t<p><a href=\"https:\/\/incivatka.com.tr\/en\/uretim\/omuz-vatka\/\" class=\"read-more  read-more--page-box\">Read more<\/a><\/p>\n\t\t<\/div>\n\t<\/div>\n\n<\/div><\/div><div id=\"pgc-76-1-2\"  class=\"panel-grid-cell\" ><div id=\"panel-76-1-2-0\" class=\"so-panel widget widget_pw_featured_page widget-featured-page panel-first-child panel-last-child\" data-index=\"2\" >\n\n\t<div class=\"page-box  page-box--block\">\n\t\t\t<a class=\"page-box__picture\" href=\"https:\/\/incivatka.com.tr\/en\/uretim\/yaka-kecesi\/\"><img loading=\"lazy\" decoding=\"async\" src=\"https:\/\/incivatka.com.tr\/wp-content\/uploads\/2019\/01\/yaka-e1546784615287-360x240.jpeg\" width=\"360\" height=\"240\" srcset=\"https:\/\/incivatka.com.tr\/wp-content\/uploads\/2019\/01\/yaka-e1546784615287-360x240.jpeg 360w, https:\/\/incivatka.com.tr\/wp-content\/uploads\/2019\/01\/yaka-e1546784615287.jpeg 600w\" sizes=\"auto, (min-width: 992px) 360px, calc(100vw - 30px)\" class=\"wp-post-image\" alt=\"Yaka Ke\u00e7esi\"><\/a>\n\t\t<div class=\"page-box__content\">\n\t\t\t<h5 class=\"page-box__title  text-uppercase\"><a href=\"https:\/\/incivatka.com.tr\/en\/uretim\/yaka-kecesi\/\">Yaka Ke\u00e7esi<\/a><\/h5>\n\t\t\t<p>YAKA KE\u00c7ES\u0130 M\u00fc\u015fterilerimize lojistik destek ama\u00e7l\u0131 olarak,\u00fcretimde kullanm\u0131\u015f oldu\u011fumuz,elyaf, nonwoven, s\u00fcnger, \u00f6rme kuma\u015f, pamuk, k\u0131l tela gibi \u00fcr\u00fcnlerin yan\u0131 s\u0131ra di\u011fer konfeksiyon yan \u00fcr\u00fcnlerinde (nak\u0131\u015f telas\u0131, ka\u011f\u0131t &hellip;<\/p>\n\t\t\t\t<p><a href=\"https:\/\/incivatka.com.tr\/en\/uretim\/yaka-kecesi\/\" class=\"read-more  read-more--page-box\">Daha fazla oku<\/a><\/p>\n\t\t<\/div>\n\t<\/div>\n\n<\/div><\/div><\/div><\/div>","protected":false},"excerpt":{"rendered":"<p> &hellip;<\/p>\n","protected":false},"author":1,"featured_media":0,"parent":0,"menu_order":0,"comment_status":"closed","ping_status":"open","template":"","meta":{"ngg_post_thumbnail":0,"footnotes":""},"class_list":["post-76","page","type-page","status-publish","hentry"],"_links":{"self":[{"href":"https:\/\/incivatka.com.tr\/en\/wp-json\/wp\/v2\/pages\/76","targetHints":{"allow":["GET"]}}],"collection":[{"href":"https:\/\/incivatka.com.tr\/en\/wp-json\/wp\/v2\/pages"}],"about":[{"href":"https:\/\/incivatka.com.tr\/en\/wp-json\/wp\/v2\/types\/page"}],"author":[{"embeddable":true,"href":"https:\/\/incivatka.com.tr\/en\/wp-json\/wp\/v2\/users\/1"}],"replies":[{"embeddable":true,"href":"https:\/\/incivatka.com.tr\/en\/wp-json\/wp\/v2\/comments?post=76"}],"version-history":[{"count":69,"href":"https:\/\/incivatka.com.tr\/en\/wp-json\/wp\/v2\/pages\/76\/revisions"}],"predecessor-version":[{"id":2323,"href":"https:\/\/incivatka.com.tr\/en\/wp-json\/wp\/v2\/pages\/76\/revisions\/2323"}],"wp:attachment":[{"href":"https:\/\/incivatka.com.tr\/en\/wp-json\/wp\/v2\/media?parent=76"}],"curies":[{"name":"wp","href":"https:\/\/api.w.org\/{rel}","templated":true}]}}