{"id":95,"date":"2018-04-23T12:32:53","date_gmt":"2018-04-23T09:32:53","guid":{"rendered":"https:\/\/xml-io.proteusthemes.com\/cargopress\/?page_id=95"},"modified":"2019-01-12T14:59:19","modified_gmt":"2019-01-12T11:59:19","slug":"omuz-vatka","status":"publish","type":"page","link":"https:\/\/incivatka.com.tr\/en\/uretim\/omuz-vatka\/","title":{"rendered":"Omuz Vatkas\u0131"},"content":{"rendered":"<div id=\"pl-95\"  class=\"panel-layout\" ><div id=\"pg-95-0\"  class=\"panel-grid panel-no-style\" ><div id=\"pgc-95-0-0\"  class=\"panel-grid-cell\" ><div id=\"panel-95-0-0-0\" class=\"so-panel widget widget_sow-editor panel-first-child panel-last-child widgetopts-SO\" data-index=\"0\" ><div class=\"so-widget-sow-editor so-widget-sow-editor-base\">\n<div class=\"siteorigin-widget-tinymce textwidget\">\n\t<h3 class=\"page-box__title text-uppercase\">OMUZ VATKASI<\/h3>\n<p>Vatka, genellikle elbise, ceket ve mont gibi giysilerde, giysinin omzunun dik durmas\u0131n\u0131, dik g\u00f6r\u00fcnmesini sa\u011flamak amac\u0131yla yap\u0131lan, t\u00fcl, vatinli ve pamuk kuma\u015f\u0131n i\u00e7ine elyaf veya s\u00fcnger konularak, omuz k\u0131sm\u0131na dikilen, dar ve d\u00fc\u015f\u00fck omuzlular i\u00e7in ideal bir destek par\u00e7as\u0131d\u0131r.<\/p>\n<\/div>\n<\/div><\/div><\/div><div id=\"pgc-95-0-1\"  class=\"panel-grid-cell\" ><div id=\"panel-95-0-1-0\" class=\"so-panel widget widget_sow-editor panel-first-child panel-last-child widgetopts-SO\" data-index=\"1\" ><div class=\"so-widget-sow-editor so-widget-sow-editor-base\">\n<div class=\"siteorigin-widget-tinymce textwidget\">\n\t<p><img loading=\"lazy\" decoding=\"async\" class=\"alignnone size-medium wp-image-4519\" src=\"https:\/\/incivatka.com.tr\/wp-content\/uploads\/2019\/01\/omuz-vatkalari-300x200.jpg\" alt=\"\" width=\"300\" height=\"200\" srcset=\"https:\/\/incivatka.com.tr\/wp-content\/uploads\/2019\/01\/omuz-vatkalari.jpg 300w, https:\/\/incivatka.com.tr\/wp-content\/uploads\/2019\/01\/omuz-vatkalari-272x182.jpg 272w\" sizes=\"auto, (max-width: 300px) 100vw, 300px\" \/><\/p>\n<p>&nbsp;<\/p>\n<p>&nbsp;<\/p>\n<\/div>\n<\/div><\/div><\/div><\/div><div id=\"pg-95-1\"  class=\"panel-grid panel-no-style\" ><div id=\"pgc-95-1-0\"  class=\"panel-grid-cell\" ><div id=\"panel-95-1-0-0\" class=\"so-panel widget widget_sow-editor panel-first-child panel-last-child widgetopts-SO\" data-index=\"2\" ><div class=\"so-widget-sow-editor so-widget-sow-editor-base\">\n<div class=\"siteorigin-widget-tinymce textwidget\">\n\t<div\n\tclass=\"ngg-galleryoverview default-view \"\n\tid=\"ngg-gallery-ef5e9f939260f9791bda68252db68122-1\"><\/p>\n<p>\t\t<!-- Thumbnails --><\/p>\n<div id=\"ngg-image-0\" class=\"ngg-gallery-thumbnail-box \" >\n<div class=\"ngg-gallery-thumbnail\">\n            <a href=\"https:\/\/incivatka.com.tr\/wp-content\/gallery\/vatka\/vatka-001.jpg\"\n               title=\"\"\n               data-src=\"https:\/\/incivatka.com.tr\/wp-content\/gallery\/vatka\/vatka-001.jpg\"\n               data-thumbnail=\"https:\/\/incivatka.com.tr\/wp-content\/gallery\/vatka\/thumbs\/thumbs_vatka-001.jpg\"\n               data-image-id=\"8\"\n               data-title=\"vatka-001\"\n               data-description=\"\"\n               data-image-slug=\"vatka-001\"\n               class=\"ngg-simplelightbox\" rel=\"ef5e9f939260f9791bda68252db68122\"><br \/>\n                <img loading=\"lazy\" decoding=\"async\"\n                    title=\"vatka-001\"\n                    alt=\"vatka-001\"\n                    src=\"https:\/\/incivatka.com.tr\/wp-content\/gallery\/vatka\/thumbs\/thumbs_vatka-001.jpg\"\n                    width=\"240\"\n                    height=\"160\"\n                    style=\"max-width:100%;\"\n                \/><br \/>\n            <\/a>\n        <\/div>\n<\/p><\/div>\n<div id=\"ngg-image-1\" class=\"ngg-gallery-thumbnail-box \" >\n<div class=\"ngg-gallery-thumbnail\">\n            <a href=\"https:\/\/incivatka.com.tr\/wp-content\/gallery\/vatka\/vatka-002.jpg\"\n               title=\"\"\n               data-src=\"https:\/\/incivatka.com.tr\/wp-content\/gallery\/vatka\/vatka-002.jpg\"\n               data-thumbnail=\"https:\/\/incivatka.com.tr\/wp-content\/gallery\/vatka\/thumbs\/thumbs_vatka-002.jpg\"\n               data-image-id=\"9\"\n               data-title=\"vatka-002\"\n               data-description=\"\"\n               data-image-slug=\"vatka-002\"\n               class=\"ngg-simplelightbox\" rel=\"ef5e9f939260f9791bda68252db68122\"><br \/>\n                <img loading=\"lazy\" decoding=\"async\"\n                    title=\"vatka-002\"\n                    alt=\"vatka-002\"\n                    src=\"https:\/\/incivatka.com.tr\/wp-content\/gallery\/vatka\/thumbs\/thumbs_vatka-002.jpg\"\n                    width=\"240\"\n                    height=\"160\"\n                    style=\"max-width:100%;\"\n                \/><br \/>\n            <\/a>\n        <\/div>\n<\/p><\/div>\n<div id=\"ngg-image-2\" class=\"ngg-gallery-thumbnail-box \" >\n<div class=\"ngg-gallery-thumbnail\">\n            <a href=\"https:\/\/incivatka.com.tr\/wp-content\/gallery\/vatka\/vatka-003.jpg\"\n               title=\"\"\n               data-src=\"https:\/\/incivatka.com.tr\/wp-content\/gallery\/vatka\/vatka-003.jpg\"\n               data-thumbnail=\"https:\/\/incivatka.com.tr\/wp-content\/gallery\/vatka\/thumbs\/thumbs_vatka-003.jpg\"\n               data-image-id=\"10\"\n               data-title=\"vatka-003\"\n               data-description=\"\"\n               data-image-slug=\"vatka-003\"\n               class=\"ngg-simplelightbox\" rel=\"ef5e9f939260f9791bda68252db68122\"><br \/>\n                <img loading=\"lazy\" decoding=\"async\"\n                    title=\"vatka-003\"\n                    alt=\"vatka-003\"\n                    src=\"https:\/\/incivatka.com.tr\/wp-content\/gallery\/vatka\/thumbs\/thumbs_vatka-003.jpg\"\n                    width=\"240\"\n                    height=\"160\"\n                    style=\"max-width:100%;\"\n                \/><br \/>\n            <\/a>\n        <\/div>\n<\/p><\/div>\n<p>\t<br style=\"clear: both\" \/><\/p>\n<p>\t\t<!-- Pagination --><\/p>\n<div class='ngg-clear'><\/div>\n<\/p><\/div>\n<\/div>\n<\/div><\/div><\/div><\/div><\/div>","protected":false},"excerpt":{"rendered":"<p>OMUZ VATKASI Vatka, genellikle elbise, ceket ve mont gibi giysilerde, giysinin omzunun dik durmas\u0131n\u0131, dik g\u00f6r\u00fcnmesini sa\u011flamak amac\u0131yla yap\u0131lan, t\u00fcl, vatinli ve pamuk kuma\u015f\u0131n i\u00e7ine elyaf veya s\u00fcnger konularak, omuz k\u0131sm\u0131na dikilen, dar ve d\u00fc\u015f\u00fck omuzlular i\u00e7in ideal bir destek par\u00e7as\u0131d\u0131r. &nbsp; &nbsp;<\/p>\n","protected":false},"author":1,"featured_media":4413,"parent":76,"menu_order":0,"comment_status":"closed","ping_status":"open","template":"","meta":{"ngg_post_thumbnail":0,"footnotes":""},"class_list":["post-95","page","type-page","status-publish","has-post-thumbnail","hentry"],"_links":{"self":[{"href":"https:\/\/incivatka.com.tr\/en\/wp-json\/wp\/v2\/pages\/95","targetHints":{"allow":["GET"]}}],"collection":[{"href":"https:\/\/incivatka.com.tr\/en\/wp-json\/wp\/v2\/pages"}],"about":[{"href":"https:\/\/incivatka.com.tr\/en\/wp-json\/wp\/v2\/types\/page"}],"author":[{"embeddable":true,"href":"https:\/\/incivatka.com.tr\/en\/wp-json\/wp\/v2\/users\/1"}],"replies":[{"embeddable":true,"href":"https:\/\/incivatka.com.tr\/en\/wp-json\/wp\/v2\/comments?post=95"}],"version-history":[{"count":69,"href":"https:\/\/incivatka.com.tr\/en\/wp-json\/wp\/v2\/pages\/95\/revisions"}],"predecessor-version":[{"id":4743,"href":"https:\/\/incivatka.com.tr\/en\/wp-json\/wp\/v2\/pages\/95\/revisions\/4743"}],"up":[{"embeddable":true,"href":"https:\/\/incivatka.com.tr\/en\/wp-json\/wp\/v2\/pages\/76"}],"wp:featuredmedia":[{"embeddable":true,"href":"https:\/\/incivatka.com.tr\/en\/wp-json\/wp\/v2\/media\/4413"}],"wp:attachment":[{"href":"https:\/\/incivatka.com.tr\/en\/wp-json\/wp\/v2\/media?parent=95"}],"curies":[{"name":"wp","href":"https:\/\/api.w.org\/{rel}","templated":true}]}}