{"id":4760,"date":"2019-01-14T16:45:44","date_gmt":"2019-01-14T13:45:44","guid":{"rendered":"https:\/\/incivatka.com.tr\/?post_type=product&#038;p=4760"},"modified":"2019-01-14T18:01:05","modified_gmt":"2019-01-14T15:01:05","slug":"art-950-04","status":"publish","type":"product","link":"https:\/\/incivatka.com.tr\/en\/product\/art-950-04\/","title":{"rendered":"Art: 950\/04"},"content":{"rendered":"","protected":false},"excerpt":{"rendered":"<p>Art: 950\/04 A\u00e7\u0131k Gri Yaka Ke\u00e7esi&nbsp;<\/p>\n<p>200gr EN:100cm<\/p>\n<p>%80 Polyester %20 Viskon<\/p>\n","protected":false},"featured_media":4761,"template":"","meta":{"ngg_post_thumbnail":0},"class_list":{"0":"post-4760","1":"product","2":"type-product","3":"status-publish","4":"has-post-thumbnail","6":"product_cat-urunler","7":"product_tag-acik","8":"product_tag-gri","9":"product_tag-kece","10":"product_tag-yaka","12":"first","13":"instock","14":"shipping-taxable","15":"product-type-simple"},"_links":{"self":[{"href":"https:\/\/incivatka.com.tr\/en\/wp-json\/wp\/v2\/product\/4760","targetHints":{"allow":["GET"]}}],"collection":[{"href":"https:\/\/incivatka.com.tr\/en\/wp-json\/wp\/v2\/product"}],"about":[{"href":"https:\/\/incivatka.com.tr\/en\/wp-json\/wp\/v2\/types\/product"}],"wp:featuredmedia":[{"embeddable":true,"href":"https:\/\/incivatka.com.tr\/en\/wp-json\/wp\/v2\/media\/4761"}],"wp:attachment":[{"href":"https:\/\/incivatka.com.tr\/en\/wp-json\/wp\/v2\/media?parent=4760"}],"curies":[{"name":"wp","href":"https:\/\/api.w.org\/{rel}","templated":true}]}}