{"id":4783,"date":"2019-01-15T10:09:39","date_gmt":"2019-01-15T07:09:39","guid":{"rendered":"https:\/\/incivatka.com.tr\/?post_type=product&#038;p=4783"},"modified":"2019-01-15T10:09:40","modified_gmt":"2019-01-15T07:09:40","slug":"art-950-13","status":"publish","type":"product","link":"https:\/\/incivatka.com.tr\/en\/product\/art-950-13\/","title":{"rendered":"Art: 950\/13"},"content":{"rendered":"","protected":false},"excerpt":{"rendered":"<p>Art:950\/13 K\u0131rm\u0131z\u0131 Yaka Ke\u00e7esi<\/p>\n<p>200gr EN:100cm<\/p>\n<p>% 80 Polyester % 20 Viscose<\/p>\n","protected":false},"featured_media":4784,"template":"","meta":{"ngg_post_thumbnail":0},"class_list":{"0":"post-4783","1":"product","2":"type-product","3":"status-publish","4":"has-post-thumbnail","6":"product_cat-urunler","7":"product_tag-kece","8":"product_tag-kirmizi","9":"product_tag-yaka","11":"first","12":"instock","13":"shipping-taxable","14":"product-type-simple"},"_links":{"self":[{"href":"https:\/\/incivatka.com.tr\/en\/wp-json\/wp\/v2\/product\/4783","targetHints":{"allow":["GET"]}}],"collection":[{"href":"https:\/\/incivatka.com.tr\/en\/wp-json\/wp\/v2\/product"}],"about":[{"href":"https:\/\/incivatka.com.tr\/en\/wp-json\/wp\/v2\/types\/product"}],"wp:featuredmedia":[{"embeddable":true,"href":"https:\/\/incivatka.com.tr\/en\/wp-json\/wp\/v2\/media\/4784"}],"wp:attachment":[{"href":"https:\/\/incivatka.com.tr\/en\/wp-json\/wp\/v2\/media?parent=4783"}],"curies":[{"name":"wp","href":"https:\/\/api.w.org\/{rel}","templated":true}]}}