{"id":4804,"date":"2019-01-15T15:08:35","date_gmt":"2019-01-15T12:08:35","guid":{"rendered":"https:\/\/incivatka.com.tr\/?post_type=product&#038;p=4804"},"modified":"2019-03-27T15:12:58","modified_gmt":"2019-03-27T12:12:58","slug":"art-950","status":"publish","type":"product","link":"https:\/\/incivatka.com.tr\/en\/product\/art-950\/","title":{"rendered":"Art: 950 YAKA KE\u00c7ES\u0130"},"content":{"rendered":"","protected":false},"excerpt":{"rendered":"<p>Art:950 Bask\u0131l\u0131 Yaka Ke\u00e7esi<br \/>\n200gr EN:100cm<br \/>\n% 80 Polyester % 20 Viscose<\/p>\n","protected":false},"featured_media":4806,"template":"","meta":{"ngg_post_thumbnail":0},"class_list":{"0":"post-4804","1":"product","2":"type-product","3":"status-publish","4":"has-post-thumbnail","6":"product_cat-konfeksiyon-urunleri","7":"product_tag-baskili","8":"product_tag-kece","9":"product_tag-yaka","11":"first","12":"instock","13":"shipping-taxable","14":"product-type-simple"},"_links":{"self":[{"href":"https:\/\/incivatka.com.tr\/en\/wp-json\/wp\/v2\/product\/4804","targetHints":{"allow":["GET"]}}],"collection":[{"href":"https:\/\/incivatka.com.tr\/en\/wp-json\/wp\/v2\/product"}],"about":[{"href":"https:\/\/incivatka.com.tr\/en\/wp-json\/wp\/v2\/types\/product"}],"wp:featuredmedia":[{"embeddable":true,"href":"https:\/\/incivatka.com.tr\/en\/wp-json\/wp\/v2\/media\/4806"}],"wp:attachment":[{"href":"https:\/\/incivatka.com.tr\/en\/wp-json\/wp\/v2\/media?parent=4804"}],"curies":[{"name":"wp","href":"https:\/\/api.w.org\/{rel}","templated":true}]}}