{"id":4818,"date":"2019-01-15T15:34:09","date_gmt":"2019-01-15T12:34:09","guid":{"rendered":"https:\/\/incivatka.com.tr\/?post_type=product&#038;p=4818"},"modified":"2019-03-27T16:18:50","modified_gmt":"2019-03-27T13:18:50","slug":"art-900-100","status":"publish","type":"product","link":"https:\/\/incivatka.com.tr\/en\/product\/art-900-100\/","title":{"rendered":"Art: 900\/100 G\u00d6\u011e\u00dcS DOLGU"},"content":{"rendered":"","protected":false},"excerpt":{"rendered":"<p>Art:900\/100 BEYAZ G\u00d6\u011e\u00dcS DOLGUSU<br \/>\n100gr EN:150cm<br \/>\n% 80 Polyester % 20 Viscose<\/p>\n","protected":false},"featured_media":4863,"template":"","meta":{"ngg_post_thumbnail":0},"class_list":{"0":"post-4818","1":"product","2":"type-product","3":"status-publish","4":"has-post-thumbnail","6":"product_cat-konfeksiyon-urunleri","7":"product_tag-beyaz","8":"product_tag-dolgu","9":"product_tag-gogus","11":"first","12":"instock","13":"shipping-taxable","14":"product-type-simple"},"_links":{"self":[{"href":"https:\/\/incivatka.com.tr\/en\/wp-json\/wp\/v2\/product\/4818","targetHints":{"allow":["GET"]}}],"collection":[{"href":"https:\/\/incivatka.com.tr\/en\/wp-json\/wp\/v2\/product"}],"about":[{"href":"https:\/\/incivatka.com.tr\/en\/wp-json\/wp\/v2\/types\/product"}],"wp:featuredmedia":[{"embeddable":true,"href":"https:\/\/incivatka.com.tr\/en\/wp-json\/wp\/v2\/media\/4863"}],"wp:attachment":[{"href":"https:\/\/incivatka.com.tr\/en\/wp-json\/wp\/v2\/media?parent=4818"}],"curies":[{"name":"wp","href":"https:\/\/api.w.org\/{rel}","templated":true}]}}