{"id":4858,"date":"2019-01-15T16:55:04","date_gmt":"2019-01-15T13:55:04","guid":{"rendered":"https:\/\/incivatka.com.tr\/?post_type=product&#038;p=4858"},"modified":"2019-03-27T16:19:42","modified_gmt":"2019-03-27T13:19:42","slug":"art-900-80","status":"publish","type":"product","link":"https:\/\/incivatka.com.tr\/en\/product\/art-900-80\/","title":{"rendered":"Art: 900\/80 G\u00d6\u011e\u00dcS DOLGU"},"content":{"rendered":"","protected":false},"excerpt":{"rendered":"<p>Art:900\/80 BEYAZ G\u00d6\u011e\u00dcS DOLGUSU<br \/>\n80gr EN:150cm<br \/>\n% 80 Polyester % 20 Viscose<\/p>\n","protected":false},"featured_media":4862,"template":"","meta":{"ngg_post_thumbnail":0},"class_list":{"0":"post-4858","1":"product","2":"type-product","3":"status-publish","4":"has-post-thumbnail","6":"product_cat-konfeksiyon-urunleri","7":"product_tag-80gr","8":"product_tag-beyaz","9":"product_tag-dolgu","10":"product_tag-gogus","12":"first","13":"instock","14":"shipping-taxable","15":"product-type-simple"},"_links":{"self":[{"href":"https:\/\/incivatka.com.tr\/en\/wp-json\/wp\/v2\/product\/4858","targetHints":{"allow":["GET"]}}],"collection":[{"href":"https:\/\/incivatka.com.tr\/en\/wp-json\/wp\/v2\/product"}],"about":[{"href":"https:\/\/incivatka.com.tr\/en\/wp-json\/wp\/v2\/types\/product"}],"wp:featuredmedia":[{"embeddable":true,"href":"https:\/\/incivatka.com.tr\/en\/wp-json\/wp\/v2\/media\/4862"}],"wp:attachment":[{"href":"https:\/\/incivatka.com.tr\/en\/wp-json\/wp\/v2\/media?parent=4858"}],"curies":[{"name":"wp","href":"https:\/\/api.w.org\/{rel}","templated":true}]}}