{"id":4873,"date":"2019-01-16T15:43:40","date_gmt":"2019-01-16T12:43:40","guid":{"rendered":"https:\/\/incivatka.com.tr\/?post_type=product&#038;p=4873"},"modified":"2019-03-27T16:17:12","modified_gmt":"2019-03-27T13:17:12","slug":"art","status":"publish","type":"product","link":"https:\/\/incivatka.com.tr\/en\/product\/art\/","title":{"rendered":"Art: 21240 Ka\u011f\u0131t Tela"},"content":{"rendered":"","protected":false},"excerpt":{"rendered":"<p>Art:21240 Ka\u011f\u0131t Tela<br \/>\n40gr EN:90cm<br \/>\n% 80 Polyamide % 20 Polyester<\/p>\n","protected":false},"featured_media":4874,"template":"","meta":{"ngg_post_thumbnail":0},"class_list":{"0":"post-4873","1":"product","2":"type-product","3":"status-publish","4":"has-post-thumbnail","6":"product_cat-konfeksiyon-urunleri","7":"product_tag-kagit","8":"product_tag-tela","10":"first","11":"instock","12":"shipping-taxable","13":"product-type-simple"},"_links":{"self":[{"href":"https:\/\/incivatka.com.tr\/en\/wp-json\/wp\/v2\/product\/4873","targetHints":{"allow":["GET"]}}],"collection":[{"href":"https:\/\/incivatka.com.tr\/en\/wp-json\/wp\/v2\/product"}],"about":[{"href":"https:\/\/incivatka.com.tr\/en\/wp-json\/wp\/v2\/types\/product"}],"wp:featuredmedia":[{"embeddable":true,"href":"https:\/\/incivatka.com.tr\/en\/wp-json\/wp\/v2\/media\/4874"}],"wp:attachment":[{"href":"https:\/\/incivatka.com.tr\/en\/wp-json\/wp\/v2\/media?parent=4873"}],"curies":[{"name":"wp","href":"https:\/\/api.w.org\/{rel}","templated":true}]}}