{"id":4901,"date":"2019-01-18T19:27:00","date_gmt":"2019-01-18T16:27:00","guid":{"rendered":"https:\/\/incivatka.com.tr\/?post_type=product&#038;p=4901"},"modified":"2019-03-27T09:41:42","modified_gmt":"2019-03-27T06:41:42","slug":"art-a-138-vatka-acik-gri","status":"publish","type":"product","link":"https:\/\/incivatka.com.tr\/en\/product\/art-a-138-vatka-acik-gri\/","title":{"rendered":"Art: A-138 Vatka A\u00e7\u0131k Gri"},"content":{"rendered":"","protected":false},"excerpt":{"rendered":"<p>Art:A-138 Vatka A\u00e7\u0131k Gri<\/p>\n","protected":false},"featured_media":4902,"template":"","meta":{"ngg_post_thumbnail":0},"class_list":{"0":"post-4901","1":"product","2":"type-product","3":"status-publish","4":"has-post-thumbnail","6":"product_cat-vatka","7":"product_tag-acik","8":"product_tag-gri","9":"product_tag-vatka","11":"first","12":"instock","13":"shipping-taxable","14":"product-type-simple"},"_links":{"self":[{"href":"https:\/\/incivatka.com.tr\/en\/wp-json\/wp\/v2\/product\/4901","targetHints":{"allow":["GET"]}}],"collection":[{"href":"https:\/\/incivatka.com.tr\/en\/wp-json\/wp\/v2\/product"}],"about":[{"href":"https:\/\/incivatka.com.tr\/en\/wp-json\/wp\/v2\/types\/product"}],"wp:featuredmedia":[{"embeddable":true,"href":"https:\/\/incivatka.com.tr\/en\/wp-json\/wp\/v2\/media\/4902"}],"wp:attachment":[{"href":"https:\/\/incivatka.com.tr\/en\/wp-json\/wp\/v2\/media?parent=4901"}],"curies":[{"name":"wp","href":"https:\/\/api.w.org\/{rel}","templated":true}]}}