{"id":4965,"date":"2019-03-27T10:42:41","date_gmt":"2019-03-27T07:42:41","guid":{"rendered":"https:\/\/incivatka.com.tr\/?post_type=product&#038;p=4965"},"modified":"2019-03-27T10:42:41","modified_gmt":"2019-03-27T07:42:41","slug":"art-ipli-biye","status":"publish","type":"product","link":"https:\/\/incivatka.com.tr\/en\/product\/art-ipli-biye\/","title":{"rendered":"Art: \u0130PL\u0130 B\u0130YE"},"content":{"rendered":"","protected":false},"excerpt":{"rendered":"","protected":false},"featured_media":4955,"template":"","meta":{"ngg_post_thumbnail":0},"class_list":{"0":"post-4965","1":"product","2":"type-product","3":"status-publish","4":"has-post-thumbnail","6":"product_cat-biye","8":"first","9":"instock","10":"shipping-taxable","11":"product-type-simple"},"_links":{"self":[{"href":"https:\/\/incivatka.com.tr\/en\/wp-json\/wp\/v2\/product\/4965","targetHints":{"allow":["GET"]}}],"collection":[{"href":"https:\/\/incivatka.com.tr\/en\/wp-json\/wp\/v2\/product"}],"about":[{"href":"https:\/\/incivatka.com.tr\/en\/wp-json\/wp\/v2\/types\/product"}],"wp:featuredmedia":[{"embeddable":true,"href":"https:\/\/incivatka.com.tr\/en\/wp-json\/wp\/v2\/media\/4955"}],"wp:attachment":[{"href":"https:\/\/incivatka.com.tr\/en\/wp-json\/wp\/v2\/media?parent=4965"}],"curies":[{"name":"wp","href":"https:\/\/api.w.org\/{rel}","templated":true}]}}