{"id":5040,"date":"2019-03-27T12:17:11","date_gmt":"2019-03-27T09:17:11","guid":{"rendered":"https:\/\/incivatka.com.tr\/?post_type=product&#038;p=5040"},"modified":"2019-03-27T12:17:11","modified_gmt":"2019-03-27T09:17:11","slug":"art-bz-123-kol-fitili","status":"publish","type":"product","link":"https:\/\/incivatka.com.tr\/en\/product\/art-bz-123-kol-fitili\/","title":{"rendered":"Art: BZ-123 KOL F\u0130T\u0130L\u0130"},"content":{"rendered":"","protected":false},"excerpt":{"rendered":"","protected":false},"featured_media":4987,"template":"","meta":{"ngg_post_thumbnail":0},"class_list":{"0":"post-5040","1":"product","2":"type-product","3":"status-publish","4":"has-post-thumbnail","6":"product_cat-kol-fitilli","7":"product_tag-fitil","8":"product_tag-kol-fitili","9":"product_tag-sleevecord","11":"first","12":"instock","13":"shipping-taxable","14":"product-type-simple"},"_links":{"self":[{"href":"https:\/\/incivatka.com.tr\/en\/wp-json\/wp\/v2\/product\/5040","targetHints":{"allow":["GET"]}}],"collection":[{"href":"https:\/\/incivatka.com.tr\/en\/wp-json\/wp\/v2\/product"}],"about":[{"href":"https:\/\/incivatka.com.tr\/en\/wp-json\/wp\/v2\/types\/product"}],"wp:featuredmedia":[{"embeddable":true,"href":"https:\/\/incivatka.com.tr\/en\/wp-json\/wp\/v2\/media\/4987"}],"wp:attachment":[{"href":"https:\/\/incivatka.com.tr\/en\/wp-json\/wp\/v2\/media?parent=5040"}],"curies":[{"name":"wp","href":"https:\/\/api.w.org\/{rel}","templated":true}]}}