{"id":5041,"date":"2019-03-27T12:19:03","date_gmt":"2019-03-27T09:19:03","guid":{"rendered":"https:\/\/incivatka.com.tr\/?post_type=product&#038;p=5041"},"modified":"2019-03-27T12:23:56","modified_gmt":"2019-03-27T09:23:56","slug":"art-p-349-kol-fitili","status":"publish","type":"product","link":"https:\/\/incivatka.com.tr\/en\/product\/art-p-349-kol-fitili\/","title":{"rendered":"Art: P-349 KOL F\u0130T\u0130L\u0130"},"content":{"rendered":"","protected":false},"excerpt":{"rendered":"","protected":false},"featured_media":4988,"template":"","meta":{"ngg_post_thumbnail":0},"class_list":{"0":"post-5041","1":"product","2":"type-product","3":"status-publish","4":"has-post-thumbnail","6":"product_cat-kol-fitilli","7":"product_tag-fitil","8":"product_tag-kol-fitil","9":"product_tag-kol-fitili","10":"product_tag-sleevecord","12":"first","13":"instock","14":"shipping-taxable","15":"product-type-simple"},"_links":{"self":[{"href":"https:\/\/incivatka.com.tr\/en\/wp-json\/wp\/v2\/product\/5041","targetHints":{"allow":["GET"]}}],"collection":[{"href":"https:\/\/incivatka.com.tr\/en\/wp-json\/wp\/v2\/product"}],"about":[{"href":"https:\/\/incivatka.com.tr\/en\/wp-json\/wp\/v2\/types\/product"}],"wp:featuredmedia":[{"embeddable":true,"href":"https:\/\/incivatka.com.tr\/en\/wp-json\/wp\/v2\/media\/4988"}],"wp:attachment":[{"href":"https:\/\/incivatka.com.tr\/en\/wp-json\/wp\/v2\/media?parent=5041"}],"curies":[{"name":"wp","href":"https:\/\/api.w.org\/{rel}","templated":true}]}}