{"id":5042,"date":"2019-03-27T12:20:56","date_gmt":"2019-03-27T09:20:56","guid":{"rendered":"https:\/\/incivatka.com.tr\/?post_type=product&#038;p=5042"},"modified":"2019-03-27T12:20:56","modified_gmt":"2019-03-27T09:20:56","slug":"art-ak-294-kolfitili","status":"publish","type":"product","link":"https:\/\/incivatka.com.tr\/en\/product\/art-ak-294-kolfitili\/","title":{"rendered":"Art: AK-294 KOLF\u0130T\u0130L\u0130"},"content":{"rendered":"","protected":false},"excerpt":{"rendered":"","protected":false},"featured_media":4989,"template":"","meta":{"ngg_post_thumbnail":0},"class_list":{"0":"post-5042","1":"product","2":"type-product","3":"status-publish","4":"has-post-thumbnail","6":"product_cat-kol-fitilli","7":"product_tag-fitil","8":"product_tag-kol-fitili","9":"product_tag-sleevecord","11":"first","12":"instock","13":"shipping-taxable","14":"product-type-simple"},"_links":{"self":[{"href":"https:\/\/incivatka.com.tr\/en\/wp-json\/wp\/v2\/product\/5042","targetHints":{"allow":["GET"]}}],"collection":[{"href":"https:\/\/incivatka.com.tr\/en\/wp-json\/wp\/v2\/product"}],"about":[{"href":"https:\/\/incivatka.com.tr\/en\/wp-json\/wp\/v2\/types\/product"}],"wp:featuredmedia":[{"embeddable":true,"href":"https:\/\/incivatka.com.tr\/en\/wp-json\/wp\/v2\/media\/4989"}],"wp:attachment":[{"href":"https:\/\/incivatka.com.tr\/en\/wp-json\/wp\/v2\/media?parent=5042"}],"curies":[{"name":"wp","href":"https:\/\/api.w.org\/{rel}","templated":true}]}}