{"id":5046,"date":"2019-03-27T14:10:55","date_gmt":"2019-03-27T11:10:55","guid":{"rendered":"https:\/\/incivatka.com.tr\/?post_type=product&#038;p=5046"},"modified":"2019-03-27T14:10:56","modified_gmt":"2019-03-27T11:10:56","slug":"art900-80-gogus-dolgusu-beyaz","status":"publish","type":"product","link":"https:\/\/incivatka.com.tr\/en\/product\/art900-80-gogus-dolgusu-beyaz\/","title":{"rendered":"Art:900\/80  G\u00d6\u011e\u00dcS DOLGUSU BEYAZ"},"content":{"rendered":"","protected":false},"excerpt":{"rendered":"","protected":false},"featured_media":4995,"template":"","meta":{"ngg_post_thumbnail":0},"class_list":{"0":"post-5046","1":"product","2":"type-product","3":"status-publish","4":"has-post-thumbnail","6":"product_cat-konfeksiyon-urunleri","7":"product_tag-80gr","8":"product_tag-beyaz","9":"product_tag-dolgu","10":"product_tag-gogus-dolgusu","11":"product_tag-miflon","13":"first","14":"instock","15":"shipping-taxable","16":"product-type-simple"},"_links":{"self":[{"href":"https:\/\/incivatka.com.tr\/en\/wp-json\/wp\/v2\/product\/5046","targetHints":{"allow":["GET"]}}],"collection":[{"href":"https:\/\/incivatka.com.tr\/en\/wp-json\/wp\/v2\/product"}],"about":[{"href":"https:\/\/incivatka.com.tr\/en\/wp-json\/wp\/v2\/types\/product"}],"wp:featuredmedia":[{"embeddable":true,"href":"https:\/\/incivatka.com.tr\/en\/wp-json\/wp\/v2\/media\/4995"}],"wp:attachment":[{"href":"https:\/\/incivatka.com.tr\/en\/wp-json\/wp\/v2\/media?parent=5046"}],"curies":[{"name":"wp","href":"https:\/\/api.w.org\/{rel}","templated":true}]}}