{"id":5047,"date":"2019-03-27T14:14:56","date_gmt":"2019-03-27T11:14:56","guid":{"rendered":"https:\/\/incivatka.com.tr\/?post_type=product&#038;p=5047"},"modified":"2019-03-27T14:14:56","modified_gmt":"2019-03-27T11:14:56","slug":"art-900-80-gogus-dolgusu-siyah","status":"publish","type":"product","link":"https:\/\/incivatka.com.tr\/en\/product\/art-900-80-gogus-dolgusu-siyah\/","title":{"rendered":"Art: 900\/80  G\u00d6\u011e\u00dcS DOLGUSU S\u0130YAH"},"content":{"rendered":"","protected":false},"excerpt":{"rendered":"","protected":false},"featured_media":4996,"template":"","meta":{"ngg_post_thumbnail":0},"class_list":{"0":"post-5047","1":"product","2":"type-product","3":"status-publish","4":"has-post-thumbnail","6":"product_cat-konfeksiyon-urunleri","7":"product_tag-80gr","8":"product_tag-gogus","9":"product_tag-gogus-dolgusu","10":"product_tag-miflon","11":"product_tag-siyah","13":"first","14":"instock","15":"shipping-taxable","16":"product-type-simple"},"_links":{"self":[{"href":"https:\/\/incivatka.com.tr\/en\/wp-json\/wp\/v2\/product\/5047","targetHints":{"allow":["GET"]}}],"collection":[{"href":"https:\/\/incivatka.com.tr\/en\/wp-json\/wp\/v2\/product"}],"about":[{"href":"https:\/\/incivatka.com.tr\/en\/wp-json\/wp\/v2\/types\/product"}],"wp:featuredmedia":[{"embeddable":true,"href":"https:\/\/incivatka.com.tr\/en\/wp-json\/wp\/v2\/media\/4996"}],"wp:attachment":[{"href":"https:\/\/incivatka.com.tr\/en\/wp-json\/wp\/v2\/media?parent=5047"}],"curies":[{"name":"wp","href":"https:\/\/api.w.org\/{rel}","templated":true}]}}