{"id":5048,"date":"2019-03-27T14:16:01","date_gmt":"2019-03-27T11:16:01","guid":{"rendered":"https:\/\/incivatka.com.tr\/?post_type=product&#038;p=5048"},"modified":"2019-03-27T14:16:01","modified_gmt":"2019-03-27T11:16:01","slug":"art-900-100-gogus-dolgusu-beyaz","status":"publish","type":"product","link":"https:\/\/incivatka.com.tr\/en\/product\/art-900-100-gogus-dolgusu-beyaz\/","title":{"rendered":"Art: 900\/100 G\u00d6\u011e\u00dcS DOLGUSU BEYAZ"},"content":{"rendered":"","protected":false},"excerpt":{"rendered":"","protected":false},"featured_media":4997,"template":"","meta":{"ngg_post_thumbnail":0},"class_list":{"0":"post-5048","1":"product","2":"type-product","3":"status-publish","4":"has-post-thumbnail","6":"product_cat-konfeksiyon-urunleri","7":"product_tag-100gr","8":"product_tag-beyaz","9":"product_tag-doldu","10":"product_tag-gogus","11":"product_tag-gogus-dolgusu","12":"product_tag-miflon","14":"first","15":"instock","16":"shipping-taxable","17":"product-type-simple"},"_links":{"self":[{"href":"https:\/\/incivatka.com.tr\/en\/wp-json\/wp\/v2\/product\/5048","targetHints":{"allow":["GET"]}}],"collection":[{"href":"https:\/\/incivatka.com.tr\/en\/wp-json\/wp\/v2\/product"}],"about":[{"href":"https:\/\/incivatka.com.tr\/en\/wp-json\/wp\/v2\/types\/product"}],"wp:featuredmedia":[{"embeddable":true,"href":"https:\/\/incivatka.com.tr\/en\/wp-json\/wp\/v2\/media\/4997"}],"wp:attachment":[{"href":"https:\/\/incivatka.com.tr\/en\/wp-json\/wp\/v2\/media?parent=5048"}],"curies":[{"name":"wp","href":"https:\/\/api.w.org\/{rel}","templated":true}]}}