{"id":5070,"date":"2019-03-27T15:05:22","date_gmt":"2019-03-27T12:05:22","guid":{"rendered":"https:\/\/incivatka.com.tr\/?post_type=product&#038;p=5070"},"modified":"2019-03-27T15:05:22","modified_gmt":"2019-03-27T12:05:22","slug":"art-25238-ipli-polyamid-kagit-tela","status":"publish","type":"product","link":"https:\/\/incivatka.com.tr\/en\/product\/art-25238-ipli-polyamid-kagit-tela\/","title":{"rendered":"Art: 25238 \u0130PL\u0130 POLYAM\u0130D KA\u011eIT TELA"},"content":{"rendered":"","protected":false},"excerpt":{"rendered":"","protected":false},"featured_media":5016,"template":"","meta":{"ngg_post_thumbnail":0},"class_list":{"0":"post-5070","1":"product","2":"type-product","3":"status-publish","4":"has-post-thumbnail","6":"product_cat-konfeksiyon-urunleri","7":"product_tag-227","8":"product_tag-ipli","9":"product_tag-kagit-tela","10":"product_tag-polyamid","11":"product_tag-tela","13":"first","14":"instock","15":"shipping-taxable","16":"product-type-simple"},"_links":{"self":[{"href":"https:\/\/incivatka.com.tr\/en\/wp-json\/wp\/v2\/product\/5070","targetHints":{"allow":["GET"]}}],"collection":[{"href":"https:\/\/incivatka.com.tr\/en\/wp-json\/wp\/v2\/product"}],"about":[{"href":"https:\/\/incivatka.com.tr\/en\/wp-json\/wp\/v2\/types\/product"}],"wp:featuredmedia":[{"embeddable":true,"href":"https:\/\/incivatka.com.tr\/en\/wp-json\/wp\/v2\/media\/5016"}],"wp:attachment":[{"href":"https:\/\/incivatka.com.tr\/en\/wp-json\/wp\/v2\/media?parent=5070"}],"curies":[{"name":"wp","href":"https:\/\/api.w.org\/{rel}","templated":true}]}}