{"id":5073,"date":"2019-03-27T15:10:58","date_gmt":"2019-03-27T12:10:58","guid":{"rendered":"https:\/\/incivatka.com.tr\/?post_type=product&#038;p=5073"},"modified":"2019-03-27T15:10:58","modified_gmt":"2019-03-27T12:10:58","slug":"art-02-sungerli-fitillik-2","status":"publish","type":"product","link":"https:\/\/incivatka.com.tr\/en\/product\/art-02-sungerli-fitillik-2\/","title":{"rendered":"Art: 02 S\u00dcNGERL\u0130 F\u0130T\u0130LL\u0130K"},"content":{"rendered":"","protected":false},"excerpt":{"rendered":"","protected":false},"featured_media":5018,"template":"","meta":{"ngg_post_thumbnail":0},"class_list":{"0":"post-5073","1":"product","2":"type-product","3":"status-publish","4":"has-post-thumbnail","6":"product_cat-konfeksiyon-urunleri","7":"product_tag-230","8":"product_tag-fitillik","9":"product_tag-sunger","10":"product_tag-sungerli","11":"product_tag-sungerli-fitillik","13":"first","14":"instock","15":"shipping-taxable","16":"product-type-simple"},"_links":{"self":[{"href":"https:\/\/incivatka.com.tr\/en\/wp-json\/wp\/v2\/product\/5073","targetHints":{"allow":["GET"]}}],"collection":[{"href":"https:\/\/incivatka.com.tr\/en\/wp-json\/wp\/v2\/product"}],"about":[{"href":"https:\/\/incivatka.com.tr\/en\/wp-json\/wp\/v2\/types\/product"}],"wp:featuredmedia":[{"embeddable":true,"href":"https:\/\/incivatka.com.tr\/en\/wp-json\/wp\/v2\/media\/5018"}],"wp:attachment":[{"href":"https:\/\/incivatka.com.tr\/en\/wp-json\/wp\/v2\/media?parent=5073"}],"curies":[{"name":"wp","href":"https:\/\/api.w.org\/{rel}","templated":true}]}}