{"id":5074,"date":"2019-03-27T15:11:49","date_gmt":"2019-03-27T12:11:49","guid":{"rendered":"https:\/\/incivatka.com.tr\/?post_type=product&#038;p=5074"},"modified":"2019-03-27T16:23:05","modified_gmt":"2019-03-27T13:23:05","slug":"art-02-sungerli-fitillik-3","status":"publish","type":"product","link":"https:\/\/incivatka.com.tr\/en\/product\/art-02-sungerli-fitillik-3\/","title":{"rendered":"Art: 02 S\u00dcNGERL\u0130 F\u0130T\u0130LL\u0130K"},"content":{"rendered":"","protected":false},"excerpt":{"rendered":"","protected":false},"featured_media":5019,"template":"","meta":{"ngg_post_thumbnail":0},"class_list":{"0":"post-5074","1":"product","2":"type-product","3":"status-publish","4":"has-post-thumbnail","6":"product_cat-konfeksiyon-urunleri","7":"product_tag-230","8":"product_tag-sunger","9":"product_tag-sungerli","10":"product_tag-sungerli-fitillik","12":"first","13":"instock","14":"shipping-taxable","15":"product-type-simple"},"_links":{"self":[{"href":"https:\/\/incivatka.com.tr\/en\/wp-json\/wp\/v2\/product\/5074","targetHints":{"allow":["GET"]}}],"collection":[{"href":"https:\/\/incivatka.com.tr\/en\/wp-json\/wp\/v2\/product"}],"about":[{"href":"https:\/\/incivatka.com.tr\/en\/wp-json\/wp\/v2\/types\/product"}],"wp:featuredmedia":[{"embeddable":true,"href":"https:\/\/incivatka.com.tr\/en\/wp-json\/wp\/v2\/media\/5019"}],"wp:attachment":[{"href":"https:\/\/incivatka.com.tr\/en\/wp-json\/wp\/v2\/media?parent=5074"}],"curies":[{"name":"wp","href":"https:\/\/api.w.org\/{rel}","templated":true}]}}