{"id":5078,"date":"2019-03-27T15:29:37","date_gmt":"2019-03-27T12:29:37","guid":{"rendered":"https:\/\/incivatka.com.tr\/?post_type=product&#038;p=5078"},"modified":"2019-03-27T15:34:49","modified_gmt":"2019-03-27T12:34:49","slug":"omuz-vatka-si-ve-kol-fitili","status":"publish","type":"product","link":"https:\/\/incivatka.com.tr\/en\/product\/omuz-vatka-si-ve-kol-fitili\/","title":{"rendered":"OMUZ VATKA SI VE KOL F\u0130T\u0130L\u0130"},"content":{"rendered":"","protected":false},"excerpt":{"rendered":"","protected":false},"featured_media":4946,"template":"","meta":{"ngg_post_thumbnail":0},"class_list":{"0":"post-5078","1":"product","2":"type-product","3":"status-publish","4":"has-post-thumbnail","6":"product_cat-urunler","8":"first","9":"instock","10":"shipping-taxable","11":"product-type-simple"},"_links":{"self":[{"href":"https:\/\/incivatka.com.tr\/en\/wp-json\/wp\/v2\/product\/5078","targetHints":{"allow":["GET"]}}],"collection":[{"href":"https:\/\/incivatka.com.tr\/en\/wp-json\/wp\/v2\/product"}],"about":[{"href":"https:\/\/incivatka.com.tr\/en\/wp-json\/wp\/v2\/types\/product"}],"wp:featuredmedia":[{"embeddable":true,"href":"https:\/\/incivatka.com.tr\/en\/wp-json\/wp\/v2\/media\/4946"}],"wp:attachment":[{"href":"https:\/\/incivatka.com.tr\/en\/wp-json\/wp\/v2\/media?parent=5078"}],"curies":[{"name":"wp","href":"https:\/\/api.w.org\/{rel}","templated":true}]}}