{"id":5080,"date":"2019-03-27T15:31:08","date_gmt":"2019-03-27T12:31:08","guid":{"rendered":"https:\/\/incivatka.com.tr\/?post_type=product&#038;p=5080"},"modified":"2019-03-27T15:31:08","modified_gmt":"2019-03-27T12:31:08","slug":"omuz-vatkasi-ve-kol-fitili-2","status":"publish","type":"product","link":"https:\/\/incivatka.com.tr\/en\/product\/omuz-vatkasi-ve-kol-fitili-2\/","title":{"rendered":"OMUZ VATKASI VE KOL F\u0130T\u0130L\u0130"},"content":{"rendered":"","protected":false},"excerpt":{"rendered":"","protected":false},"featured_media":4944,"template":"","meta":{"ngg_post_thumbnail":0},"class_list":{"0":"post-5080","1":"product","2":"type-product","3":"status-publish","4":"has-post-thumbnail","6":"product_cat-kol-fitilli","7":"product_cat-vatka","9":"first","10":"instock","11":"shipping-taxable","12":"product-type-simple"},"_links":{"self":[{"href":"https:\/\/incivatka.com.tr\/en\/wp-json\/wp\/v2\/product\/5080","targetHints":{"allow":["GET"]}}],"collection":[{"href":"https:\/\/incivatka.com.tr\/en\/wp-json\/wp\/v2\/product"}],"about":[{"href":"https:\/\/incivatka.com.tr\/en\/wp-json\/wp\/v2\/types\/product"}],"wp:featuredmedia":[{"embeddable":true,"href":"https:\/\/incivatka.com.tr\/en\/wp-json\/wp\/v2\/media\/4944"}],"wp:attachment":[{"href":"https:\/\/incivatka.com.tr\/en\/wp-json\/wp\/v2\/media?parent=5080"}],"curies":[{"name":"wp","href":"https:\/\/api.w.org\/{rel}","templated":true}]}}